{"id":37932,"date":"2026-05-15T14:19:17","date_gmt":"2026-05-15T14:19:17","guid":{"rendered":"https:\/\/sventasmiskas.lt\/parduotuve\/poliarine-zvaigzde\/"},"modified":"2026-05-15T14:52:47","modified_gmt":"2026-05-15T14:52:47","slug":"poliarine-zvaigzde","status":"publish","type":"product","link":"https:\/\/sventasmiskas.lt\/en\/parduotuve\/poliarine-zvaigzde\/","title":{"rendered":"Poliarin\u0117 \u017evaig\u017ed\u0117"},"content":{"rendered":"<p>\u269c\ufe0e \u017diedas sukurtas i\u0161 585 prabos balto aukso (Au 585), sveria 2,95 g, dydis 17.<\/p>\n<p>\u269c\ufe0e Centre \u012ftvirtintas nat\u016bralus m\u0117lynas safyras ~0,60 ct (pear mix cut), apsuptas 7 laboratorijoje u\u017eaugint\u0173 deimant\u0173 (bendras svoris ~0,45 ct, VVS\u2013VS).<\/p>\n<p>\u269c\ufe0e Kompozicija primena mi\u0161ko kar\u016bn\u0105 \u2013 tarsi rasos la\u0161\u0173 nu\u0161viesti lapai, susitelk\u0119 aplink gilios m\u0117lynos spalvos \u0161ird\u012f. \u0160akeli\u0173 tekst\u016bros \u017eiedo lankelis subtiliai prat\u0119sia gamtos motyv\u0105.<\/p>\n<p>\u269c\ufe0e Prabuota Latvijos prabavimo r\u016bmuose. \u017diedas supakuojamas \u012f dovan\u0173 d\u0117\u017eut\u0119.<\/p>","protected":false},"excerpt":{"rendered":"<p>\u269c\ufe0e \u017diedas sukurtas i\u0161 585 prabos balto aukso (Au 585), sveria 2,95 g, dydis 17. \u269c\ufe0e Centre \u012ftvirtintas nat\u016bralus m\u0117lynas<\/p>","protected":false},"featured_media":37930,"template":"","meta":[],"product_brand":[],"product_cat":[221,124],"product_tag":[],"class_list":{"0":"post-37932","1":"product","2":"type-product","3":"status-publish","4":"has-post-thumbnail","6":"product_cat-juvelyrika-is-aukso","7":"product_cat-ziedai","9":"first","10":"instock","11":"taxable","12":"shipping-taxable","13":"purchasable","14":"product-type-simple"},"jetpack_sharing_enabled":true,"_links":{"self":[{"href":"https:\/\/sventasmiskas.lt\/en\/wp-json\/wp\/v2\/product\/37932","targetHints":{"allow":["GET"]}}],"collection":[{"href":"https:\/\/sventasmiskas.lt\/en\/wp-json\/wp\/v2\/product"}],"about":[{"href":"https:\/\/sventasmiskas.lt\/en\/wp-json\/wp\/v2\/types\/product"}],"wp:featuredmedia":[{"embeddable":true,"href":"https:\/\/sventasmiskas.lt\/en\/wp-json\/wp\/v2\/media\/37930"}],"wp:attachment":[{"href":"https:\/\/sventasmiskas.lt\/en\/wp-json\/wp\/v2\/media?parent=37932"}],"wp:term":[{"taxonomy":"product_brand","embeddable":true,"href":"https:\/\/sventasmiskas.lt\/en\/wp-json\/wp\/v2\/product_brand?post=37932"},{"taxonomy":"product_cat","embeddable":true,"href":"https:\/\/sventasmiskas.lt\/en\/wp-json\/wp\/v2\/product_cat?post=37932"},{"taxonomy":"product_tag","embeddable":true,"href":"https:\/\/sventasmiskas.lt\/en\/wp-json\/wp\/v2\/product_tag?post=37932"}],"curies":[{"name":"wp","href":"https:\/\/api.w.org\/{rel}","templated":true}]}}