{"id":37924,"date":"2026-05-12T13:59:54","date_gmt":"2026-05-12T13:59:54","guid":{"rendered":"https:\/\/sventasmiskas.lt\/parduotuve\/melsvas-rytas\/"},"modified":"2026-05-12T13:59:54","modified_gmt":"2026-05-12T13:59:54","slug":"melsvas-rytas","status":"publish","type":"product","link":"https:\/\/sventasmiskas.lt\/en\/parduotuve\/melsvas-rytas\/","title":{"rendered":"Melsvas rytas"},"content":{"rendered":"<p>\u269c\ufe0e Auskarai inkrustuoti topazo akmenimis.<\/p>\n<p>\u269c\ufe0e Tinkami ne\u0161ioti kasdien, nedideli (auskar\u0173 ilgis 9 mm).<\/p>\n<p>\u269c\ufe0e Auskarai bei j\u0173 u\u017esegimai sukurti i\u0161 925 prabos sidabro, sveria 1,4 g.<\/p>\n<p>\u269c Prabuota Latvijos prabavimo r\u016bmuose.<\/p>\n<p>\u269c Papuo\u0161alas supakuotas dovan\u0173 pakuot\u0117je.<\/p>","protected":false},"excerpt":{"rendered":"<p>\u269c\ufe0e Auskarai inkrustuoti topazo akmenimis. \u269c\ufe0e Tinkami ne\u0161ioti kasdien, nedideli (auskar\u0173 ilgis 9 mm). \u269c\ufe0e Auskarai bei j\u0173 u\u017esegimai sukurti<\/p>","protected":false},"featured_media":37922,"template":"","meta":[],"product_brand":[],"product_cat":[123],"product_tag":[],"class_list":{"0":"post-37924","1":"product","2":"type-product","3":"status-publish","4":"has-post-thumbnail","6":"product_cat-auskarai","8":"first","9":"instock","10":"taxable","11":"shipping-taxable","12":"purchasable","13":"product-type-simple"},"jetpack_sharing_enabled":true,"_links":{"self":[{"href":"https:\/\/sventasmiskas.lt\/en\/wp-json\/wp\/v2\/product\/37924","targetHints":{"allow":["GET"]}}],"collection":[{"href":"https:\/\/sventasmiskas.lt\/en\/wp-json\/wp\/v2\/product"}],"about":[{"href":"https:\/\/sventasmiskas.lt\/en\/wp-json\/wp\/v2\/types\/product"}],"wp:featuredmedia":[{"embeddable":true,"href":"https:\/\/sventasmiskas.lt\/en\/wp-json\/wp\/v2\/media\/37922"}],"wp:attachment":[{"href":"https:\/\/sventasmiskas.lt\/en\/wp-json\/wp\/v2\/media?parent=37924"}],"wp:term":[{"taxonomy":"product_brand","embeddable":true,"href":"https:\/\/sventasmiskas.lt\/en\/wp-json\/wp\/v2\/product_brand?post=37924"},{"taxonomy":"product_cat","embeddable":true,"href":"https:\/\/sventasmiskas.lt\/en\/wp-json\/wp\/v2\/product_cat?post=37924"},{"taxonomy":"product_tag","embeddable":true,"href":"https:\/\/sventasmiskas.lt\/en\/wp-json\/wp\/v2\/product_tag?post=37924"}],"curies":[{"name":"wp","href":"https:\/\/api.w.org\/{rel}","templated":true}]}}