{"id":37921,"date":"2026-05-12T13:51:36","date_gmt":"2026-05-12T13:51:36","guid":{"rendered":"https:\/\/sventasmiskas.lt\/parduotuve\/laukiniai-ziedai\/"},"modified":"2026-05-12T13:51:36","modified_gmt":"2026-05-12T13:51:36","slug":"laukiniai-ziedai","status":"publish","type":"product","link":"https:\/\/sventasmiskas.lt\/en\/parduotuve\/laukiniai-ziedai\/","title":{"rendered":"Laukiniai \u017eiedai"},"content":{"rendered":"<p>\u269c\ufe0e Auskarai inkrustuoti ametisto akmenimis.<\/p>\n<p>\u269c\ufe0e Tinkami ne\u0161ioti kasdien, nedideli (auskar\u0173 ilgis 11 mm).<\/p>\n<p>\u269c\ufe0e Auskarai bei j\u0173 u\u017esegimai sukurti i\u0161 925 prabos sidabro, sveria 1,57 g.<\/p>\n<p>\u269c Prabuota Latvijos prabavimo r\u016bmuose.<\/p>\n<p>\u269c Papuo\u0161alas supakuotas dovan\u0173 pakuot\u0117je.<\/p>","protected":false},"excerpt":{"rendered":"<p>\u269c\ufe0e Auskarai inkrustuoti ametisto akmenimis. \u269c\ufe0e Tinkami ne\u0161ioti kasdien, nedideli (auskar\u0173 ilgis 11 mm). \u269c\ufe0e Auskarai bei j\u0173 u\u017esegimai sukurti<\/p>","protected":false},"featured_media":37919,"template":"","meta":[],"product_brand":[],"product_cat":[123],"product_tag":[],"class_list":{"0":"post-37921","1":"product","2":"type-product","3":"status-publish","4":"has-post-thumbnail","6":"product_cat-auskarai","8":"first","9":"instock","10":"taxable","11":"shipping-taxable","12":"purchasable","13":"product-type-simple"},"jetpack_sharing_enabled":true,"_links":{"self":[{"href":"https:\/\/sventasmiskas.lt\/en\/wp-json\/wp\/v2\/product\/37921","targetHints":{"allow":["GET"]}}],"collection":[{"href":"https:\/\/sventasmiskas.lt\/en\/wp-json\/wp\/v2\/product"}],"about":[{"href":"https:\/\/sventasmiskas.lt\/en\/wp-json\/wp\/v2\/types\/product"}],"wp:featuredmedia":[{"embeddable":true,"href":"https:\/\/sventasmiskas.lt\/en\/wp-json\/wp\/v2\/media\/37919"}],"wp:attachment":[{"href":"https:\/\/sventasmiskas.lt\/en\/wp-json\/wp\/v2\/media?parent=37921"}],"wp:term":[{"taxonomy":"product_brand","embeddable":true,"href":"https:\/\/sventasmiskas.lt\/en\/wp-json\/wp\/v2\/product_brand?post=37921"},{"taxonomy":"product_cat","embeddable":true,"href":"https:\/\/sventasmiskas.lt\/en\/wp-json\/wp\/v2\/product_cat?post=37921"},{"taxonomy":"product_tag","embeddable":true,"href":"https:\/\/sventasmiskas.lt\/en\/wp-json\/wp\/v2\/product_tag?post=37921"}],"curies":[{"name":"wp","href":"https:\/\/api.w.org\/{rel}","templated":true}]}}