{"id":37916,"date":"2026-05-12T13:18:30","date_gmt":"2026-05-12T13:18:30","guid":{"rendered":"https:\/\/sventasmiskas.lt\/parduotuve\/misko-rasa-3\/"},"modified":"2026-05-12T14:25:52","modified_gmt":"2026-05-12T14:25:52","slug":"misko-rasa-3","status":"publish","type":"product","link":"https:\/\/sventasmiskas.lt\/en\/parduotuve\/misko-rasa-3\/","title":{"rendered":"Mi\u0161ko rasa"},"content":{"rendered":"<p>\u269c\ufe0e Auskarai sukurti i\u0161 585 prabos<span><span> <\/span><\/span><span>rausvo aukso<\/span> <span>tamsinto juodu rod\u017eiu, sveria <\/span>1,63 g.<\/p>\n<p>\u269c\ufe0e Inkrustuoti 2 \u017ealiais safyrais (bendras svoris ~0,55 ct, triangular mix cut). <span>Auskar\u0173 ilgis 9,2 mm x 6,4 mm<\/span>.<\/p>\n<p>\u269c\ufe0e Trikampio formos \u017ealsvi safyrai subtiliai \u012fkomponuoti tarp lapeli\u0173 motyv\u0173 ir organi\u0161kos aukso formos kuria nat\u016bral\u0173, lengv\u0105 ir eleganti\u0161k\u0105 \u012fvaizd\u012f. Tamsinimas juodu rod\u017eiu sukuria senovinio papuo\u0161alo \u012fvaizd\u012f.<\/p>\n<p>\u269c\ufe0e Prabuota Latvijos prabavimo r\u016bmuose.<\/p>\n<p>\u269c\ufe0e Papuo\u0161alas parduodamas su dovan\u0173 d\u0117\u017eute.<\/p>","protected":false},"excerpt":{"rendered":"<p>\u269c\ufe0e Auskarai sukurti i\u0161 585 prabos rausvo aukso tamsinto juodu rod\u017eiu, sveria 1,63 g. \u269c\ufe0e Inkrustuoti 2 \u017ealiais safyrais (bendras<\/p>","protected":false},"featured_media":37927,"template":"","meta":[],"product_brand":[],"product_cat":[123,221],"product_tag":[],"class_list":{"0":"post-37916","1":"product","2":"type-product","3":"status-publish","4":"has-post-thumbnail","6":"product_cat-auskarai","7":"product_cat-juvelyrika-is-aukso","9":"first","10":"instock","11":"taxable","12":"shipping-taxable","13":"purchasable","14":"product-type-simple"},"jetpack_sharing_enabled":true,"_links":{"self":[{"href":"https:\/\/sventasmiskas.lt\/en\/wp-json\/wp\/v2\/product\/37916","targetHints":{"allow":["GET"]}}],"collection":[{"href":"https:\/\/sventasmiskas.lt\/en\/wp-json\/wp\/v2\/product"}],"about":[{"href":"https:\/\/sventasmiskas.lt\/en\/wp-json\/wp\/v2\/types\/product"}],"wp:featuredmedia":[{"embeddable":true,"href":"https:\/\/sventasmiskas.lt\/en\/wp-json\/wp\/v2\/media\/37927"}],"wp:attachment":[{"href":"https:\/\/sventasmiskas.lt\/en\/wp-json\/wp\/v2\/media?parent=37916"}],"wp:term":[{"taxonomy":"product_brand","embeddable":true,"href":"https:\/\/sventasmiskas.lt\/en\/wp-json\/wp\/v2\/product_brand?post=37916"},{"taxonomy":"product_cat","embeddable":true,"href":"https:\/\/sventasmiskas.lt\/en\/wp-json\/wp\/v2\/product_cat?post=37916"},{"taxonomy":"product_tag","embeddable":true,"href":"https:\/\/sventasmiskas.lt\/en\/wp-json\/wp\/v2\/product_tag?post=37916"}],"curies":[{"name":"wp","href":"https:\/\/api.w.org\/{rel}","templated":true}]}}