{"id":37905,"date":"2026-05-12T12:44:43","date_gmt":"2026-05-12T12:44:43","guid":{"rendered":"https:\/\/sventasmiskas.lt\/parduotuve\/aurea-flora\/"},"modified":"2026-05-12T12:44:43","modified_gmt":"2026-05-12T12:44:43","slug":"aurea-flora","status":"publish","type":"product","link":"https:\/\/sventasmiskas.lt\/en\/parduotuve\/aurea-flora\/","title":{"rendered":"Aurea Flora"},"content":{"rendered":"<p>\u269c\ufe0e Auskarai sukurti i\u0161 585 prabos rausvo aukso (Au 585) tamsinto juodu rod\u017eiu, sveria 1,72 g.<\/p>\n<p>\u269c\ufe0e Inkrustuoti 2 laboratorijoje u\u017eaugintais deimantais (bendras svoris ~0,38 ct, VVS). Auskar\u0173 ilgis  9,2 mm x 6,4 mm<\/p>\n<p>\u269c\ufe0e Trikampio formos deimantai subtiliai \u012fkomponuoti tarp lapeli\u0173 motyv\u0173. \u0160viesos \u017eaismas deimantuose ir organi\u0161kos aukso formos kuria lengv\u0105, eleganti\u0161k\u0105 ir gamtos \u012fkv\u0117pt\u0105 kompozicij\u0105. Tamsintas auksas sukuria vinta\u017einio stiliaus efekt\u0105.<\/p>\n<p>\u269c\ufe0e Prabuota Latvijos prabavimo r\u016bmuose.<\/p>\n<p>\u269c\ufe0e Papuo\u0161alas parduodamas su dovan\u0173 d\u0117\u017eute.<\/p>","protected":false},"excerpt":{"rendered":"<p>\u269c\ufe0e Auskarai sukurti i\u0161 585 prabos rausvo aukso (Au 585) tamsinto juodu rod\u017eiu, sveria 1,72 g. \u269c\ufe0e Inkrustuoti 2 laboratorijoje<\/p>","protected":false},"featured_media":37900,"template":"","meta":[],"product_brand":[],"product_cat":[123,221],"product_tag":[],"class_list":{"0":"post-37905","1":"product","2":"type-product","3":"status-publish","4":"has-post-thumbnail","6":"product_cat-auskarai","7":"product_cat-juvelyrika-is-aukso","9":"first","10":"instock","11":"taxable","12":"shipping-taxable","13":"purchasable","14":"product-type-simple"},"jetpack_sharing_enabled":true,"_links":{"self":[{"href":"https:\/\/sventasmiskas.lt\/en\/wp-json\/wp\/v2\/product\/37905","targetHints":{"allow":["GET"]}}],"collection":[{"href":"https:\/\/sventasmiskas.lt\/en\/wp-json\/wp\/v2\/product"}],"about":[{"href":"https:\/\/sventasmiskas.lt\/en\/wp-json\/wp\/v2\/types\/product"}],"wp:featuredmedia":[{"embeddable":true,"href":"https:\/\/sventasmiskas.lt\/en\/wp-json\/wp\/v2\/media\/37900"}],"wp:attachment":[{"href":"https:\/\/sventasmiskas.lt\/en\/wp-json\/wp\/v2\/media?parent=37905"}],"wp:term":[{"taxonomy":"product_brand","embeddable":true,"href":"https:\/\/sventasmiskas.lt\/en\/wp-json\/wp\/v2\/product_brand?post=37905"},{"taxonomy":"product_cat","embeddable":true,"href":"https:\/\/sventasmiskas.lt\/en\/wp-json\/wp\/v2\/product_cat?post=37905"},{"taxonomy":"product_tag","embeddable":true,"href":"https:\/\/sventasmiskas.lt\/en\/wp-json\/wp\/v2\/product_tag?post=37905"}],"curies":[{"name":"wp","href":"https:\/\/api.w.org\/{rel}","templated":true}]}}