{"id":37886,"date":"2026-04-29T12:35:27","date_gmt":"2026-04-29T12:35:27","guid":{"rendered":"https:\/\/sventasmiskas.lt\/parduotuve\/astreja\/"},"modified":"2026-04-29T12:35:27","modified_gmt":"2026-04-29T12:35:27","slug":"astreja","status":"publish","type":"product","link":"https:\/\/sventasmiskas.lt\/en\/parduotuve\/astreja\/","title":{"rendered":"Astr\u0117ja"},"content":{"rendered":"<p>\u269c\ufe0e \u017diedas sukurtas i\u0161 925 prabos sidabro su 585 prabos rausvo aukso la\u0161eliu, sveria 2,28 g, dydis 16,4<\/p>\n<p>\u269c\ufe0e Inkrustuotas ry\u0161kiu violetiniu ametistu.<\/p>\n<p>\u269c\ufe0e Gamtos \u012fkv\u0117ptos linijos susilieja \u012f gyv\u0105, organi\u0161k\u0105 form\u0105, primenan\u010di\u0105 mi\u0161ko \u0161ak\u0173 jud\u0117jim\u0105.<\/p>\n<p>\u269c\ufe0e Prabuota Latvijos prabavimo r\u016bmuose.<\/p>\n<p>\u269c\ufe0e Papuo\u0161alas parduodamas su dovan\u0173 d\u0117\u017eute.<\/p>","protected":false},"excerpt":{"rendered":"<p>\u269c\ufe0e \u017diedas sukurtas i\u0161 925 prabos sidabro su 585 prabos rausvo aukso la\u0161eliu, sveria 2,28 g, dydis 16,4 \u269c\ufe0e Inkrustuotas<\/p>","protected":false},"featured_media":37885,"template":"","meta":[],"product_brand":[],"product_cat":[124],"product_tag":[],"class_list":{"0":"post-37886","1":"product","2":"type-product","3":"status-publish","4":"has-post-thumbnail","6":"product_cat-ziedai","8":"first","9":"instock","10":"taxable","11":"shipping-taxable","12":"purchasable","13":"product-type-simple"},"jetpack_sharing_enabled":true,"_links":{"self":[{"href":"https:\/\/sventasmiskas.lt\/en\/wp-json\/wp\/v2\/product\/37886","targetHints":{"allow":["GET"]}}],"collection":[{"href":"https:\/\/sventasmiskas.lt\/en\/wp-json\/wp\/v2\/product"}],"about":[{"href":"https:\/\/sventasmiskas.lt\/en\/wp-json\/wp\/v2\/types\/product"}],"wp:featuredmedia":[{"embeddable":true,"href":"https:\/\/sventasmiskas.lt\/en\/wp-json\/wp\/v2\/media\/37885"}],"wp:attachment":[{"href":"https:\/\/sventasmiskas.lt\/en\/wp-json\/wp\/v2\/media?parent=37886"}],"wp:term":[{"taxonomy":"product_brand","embeddable":true,"href":"https:\/\/sventasmiskas.lt\/en\/wp-json\/wp\/v2\/product_brand?post=37886"},{"taxonomy":"product_cat","embeddable":true,"href":"https:\/\/sventasmiskas.lt\/en\/wp-json\/wp\/v2\/product_cat?post=37886"},{"taxonomy":"product_tag","embeddable":true,"href":"https:\/\/sventasmiskas.lt\/en\/wp-json\/wp\/v2\/product_tag?post=37886"}],"curies":[{"name":"wp","href":"https:\/\/api.w.org\/{rel}","templated":true}]}}