{"id":37876,"date":"2026-04-27T12:49:40","date_gmt":"2026-04-27T12:49:40","guid":{"rendered":"https:\/\/sventasmiskas.lt\/parduotuve\/melyna-zvaigzde\/"},"modified":"2026-04-27T12:49:40","modified_gmt":"2026-04-27T12:49:40","slug":"melyna-zvaigzde","status":"publish","type":"product","link":"https:\/\/sventasmiskas.lt\/en\/parduotuve\/melyna-zvaigzde\/","title":{"rendered":"M\u0117lyna \u017evaig\u017ed\u0117"},"content":{"rendered":"<p>\u269c\ufe0e \u017diedas sukurtas i\u0161 585 prabos geltono aukso (Au 585), sveria 3,62 g, dydis 17,5.<\/p>\n<p>\u269c\ufe0e Centre \u012ftvirtintas nat\u016bralus safyras ~ 0,70 ct (oval mix cut), apsuptas 16 laboratorijoje u\u017eaugint\u0173 deimant\u0173 (bendras svoris ~ 0,34 ct, VVS\u2013VS).<\/p>\n<p>\u269c\ufe0e Sodri safyro m\u0117lynai \u017ealia ir deimant\u0173 \u0161viesos \u017eaismas kuria gil\u0173, karali\u0161k\u0105 spindes\u012f.<\/p>\n<p>\u269c\ufe0e Prabuota Latvijos prabavimo r\u016bmuose.<\/p>\n<p>\u269c\ufe0e Papuo\u0161alas parduodamas su dovan\u0173 d\u0117\u017eute.<\/p>","protected":false},"excerpt":{"rendered":"<p>\u269c\ufe0e \u017diedas sukurtas i\u0161 585 prabos geltono aukso (Au 585), sveria 3,62 g, dydis 17,5. \u269c\ufe0e Centre \u012ftvirtintas nat\u016bralus safyras<\/p>","protected":false},"featured_media":37873,"template":"","meta":[],"product_brand":[],"product_cat":[221,124],"product_tag":[],"class_list":{"0":"post-37876","1":"product","2":"type-product","3":"status-publish","4":"has-post-thumbnail","6":"product_cat-juvelyrika-is-aukso","7":"product_cat-ziedai","9":"first","10":"instock","11":"taxable","12":"shipping-taxable","13":"purchasable","14":"product-type-simple"},"jetpack_sharing_enabled":true,"_links":{"self":[{"href":"https:\/\/sventasmiskas.lt\/en\/wp-json\/wp\/v2\/product\/37876","targetHints":{"allow":["GET"]}}],"collection":[{"href":"https:\/\/sventasmiskas.lt\/en\/wp-json\/wp\/v2\/product"}],"about":[{"href":"https:\/\/sventasmiskas.lt\/en\/wp-json\/wp\/v2\/types\/product"}],"wp:featuredmedia":[{"embeddable":true,"href":"https:\/\/sventasmiskas.lt\/en\/wp-json\/wp\/v2\/media\/37873"}],"wp:attachment":[{"href":"https:\/\/sventasmiskas.lt\/en\/wp-json\/wp\/v2\/media?parent=37876"}],"wp:term":[{"taxonomy":"product_brand","embeddable":true,"href":"https:\/\/sventasmiskas.lt\/en\/wp-json\/wp\/v2\/product_brand?post=37876"},{"taxonomy":"product_cat","embeddable":true,"href":"https:\/\/sventasmiskas.lt\/en\/wp-json\/wp\/v2\/product_cat?post=37876"},{"taxonomy":"product_tag","embeddable":true,"href":"https:\/\/sventasmiskas.lt\/en\/wp-json\/wp\/v2\/product_tag?post=37876"}],"curies":[{"name":"wp","href":"https:\/\/api.w.org\/{rel}","templated":true}]}}