{"id":37869,"date":"2026-04-27T12:43:11","date_gmt":"2026-04-27T12:43:11","guid":{"rendered":"https:\/\/sventasmiskas.lt\/parduotuve\/zara-2\/"},"modified":"2026-04-27T12:43:11","modified_gmt":"2026-04-27T12:43:11","slug":"zara-2","status":"publish","type":"product","link":"https:\/\/sventasmiskas.lt\/en\/parduotuve\/zara-2\/","title":{"rendered":"\u017dara"},"content":{"rendered":"<p>\u269c\ufe0e \u017diedas sukurtas i\u0161 585 prabos rausvo aukso (Au 585), sveria 2,90 g, dydis 18.<\/p>\n<p>\u269c\ufe0e Centre spindi nat\u016bralus oran\u017einis safyras ~ 0,50 ct, apsuptas 14 laboratorijoje u\u017eaugint\u0173 deimant\u0173 (bendras svoris ~ 0,16 ct, VVS\u2013VS).<\/p>\n<p>\u269c\ufe0e Kar\u016bn\u0105 primenanti kompozicija ir subtil\u016bs lapijos motyvai kuria karali\u0161k\u0105, ta\u010diau gamtos \u012fkv\u0117pt\u0105 siluet\u0105.<\/p>\n<p>\u269c\ufe0e Prabuota Latvijos prabavimo r\u016bmuose.<\/p>\n<p>\u269c\ufe0e Papuo\u0161alas parduodamas su dovan\u0173 d\u0117\u017eute.<\/p>","protected":false},"excerpt":{"rendered":"<p>\u269c\ufe0e \u017diedas sukurtas i\u0161 585 prabos rausvo aukso (Au 585), sveria 2,90 g, dydis 18. \u269c\ufe0e Centre spindi nat\u016bralus oran\u017einis<\/p>","protected":false},"featured_media":37868,"template":"","meta":[],"product_brand":[],"product_cat":[221,124],"product_tag":[],"class_list":{"0":"post-37869","1":"product","2":"type-product","3":"status-publish","4":"has-post-thumbnail","6":"product_cat-juvelyrika-is-aukso","7":"product_cat-ziedai","9":"first","10":"instock","11":"taxable","12":"shipping-taxable","13":"purchasable","14":"product-type-simple"},"jetpack_sharing_enabled":true,"_links":{"self":[{"href":"https:\/\/sventasmiskas.lt\/en\/wp-json\/wp\/v2\/product\/37869","targetHints":{"allow":["GET"]}}],"collection":[{"href":"https:\/\/sventasmiskas.lt\/en\/wp-json\/wp\/v2\/product"}],"about":[{"href":"https:\/\/sventasmiskas.lt\/en\/wp-json\/wp\/v2\/types\/product"}],"wp:featuredmedia":[{"embeddable":true,"href":"https:\/\/sventasmiskas.lt\/en\/wp-json\/wp\/v2\/media\/37868"}],"wp:attachment":[{"href":"https:\/\/sventasmiskas.lt\/en\/wp-json\/wp\/v2\/media?parent=37869"}],"wp:term":[{"taxonomy":"product_brand","embeddable":true,"href":"https:\/\/sventasmiskas.lt\/en\/wp-json\/wp\/v2\/product_brand?post=37869"},{"taxonomy":"product_cat","embeddable":true,"href":"https:\/\/sventasmiskas.lt\/en\/wp-json\/wp\/v2\/product_cat?post=37869"},{"taxonomy":"product_tag","embeddable":true,"href":"https:\/\/sventasmiskas.lt\/en\/wp-json\/wp\/v2\/product_tag?post=37869"}],"curies":[{"name":"wp","href":"https:\/\/api.w.org\/{rel}","templated":true}]}}