{"id":37863,"date":"2026-04-27T12:32:14","date_gmt":"2026-04-27T12:32:14","guid":{"rendered":"https:\/\/sventasmiskas.lt\/parduotuve\/speigas\/"},"modified":"2026-04-27T12:32:14","modified_gmt":"2026-04-27T12:32:14","slug":"speigas","status":"publish","type":"product","link":"https:\/\/sventasmiskas.lt\/en\/parduotuve\/speigas\/","title":{"rendered":"Speigas"},"content":{"rendered":"<p>\u269c\ufe0e \u017diedas sukurtas i\u0161 585 prabos balto aukso (Au 585), sveria 2,64 g, dydis 16.<\/p>\n<p>\u269c\ufe0e Centre spindi nat\u016bralus safyras (~ 0,50 ct), apsuptas 14 laboratorijoje u\u017eaugint\u0173 deimant\u0173 (bendras svoris ~ 0,16 ct, VVS\u2013VS), kurian\u010di\u0173 kar\u016bn\u0105 primenant\u012f spindes\u012f.<\/p>\n<p>\u269c\ufe0e Safyro sodri m\u0117lyna spalva kontrastuoja su deimant\u0173 \u0161viesa, kurdama gil\u0173 \u0161vyt\u0117jim\u0105.<\/p>\n<p>\u269c\ufe0e Prabuota Latvijos prabavimo r\u016bmuose.<\/p>","protected":false},"excerpt":{"rendered":"<p>\u269c\ufe0e \u017diedas sukurtas i\u0161 585 prabos balto aukso (Au 585), sveria 2,64 g, dydis 16. \u269c\ufe0e Centre spindi nat\u016bralus safyras<\/p>","protected":false},"featured_media":37860,"template":"","meta":[],"product_brand":[],"product_cat":[221,124],"product_tag":[],"class_list":{"0":"post-37863","1":"product","2":"type-product","3":"status-publish","4":"has-post-thumbnail","6":"product_cat-juvelyrika-is-aukso","7":"product_cat-ziedai","9":"first","10":"instock","11":"taxable","12":"shipping-taxable","13":"purchasable","14":"product-type-simple"},"jetpack_sharing_enabled":true,"_links":{"self":[{"href":"https:\/\/sventasmiskas.lt\/en\/wp-json\/wp\/v2\/product\/37863","targetHints":{"allow":["GET"]}}],"collection":[{"href":"https:\/\/sventasmiskas.lt\/en\/wp-json\/wp\/v2\/product"}],"about":[{"href":"https:\/\/sventasmiskas.lt\/en\/wp-json\/wp\/v2\/types\/product"}],"wp:featuredmedia":[{"embeddable":true,"href":"https:\/\/sventasmiskas.lt\/en\/wp-json\/wp\/v2\/media\/37860"}],"wp:attachment":[{"href":"https:\/\/sventasmiskas.lt\/en\/wp-json\/wp\/v2\/media?parent=37863"}],"wp:term":[{"taxonomy":"product_brand","embeddable":true,"href":"https:\/\/sventasmiskas.lt\/en\/wp-json\/wp\/v2\/product_brand?post=37863"},{"taxonomy":"product_cat","embeddable":true,"href":"https:\/\/sventasmiskas.lt\/en\/wp-json\/wp\/v2\/product_cat?post=37863"},{"taxonomy":"product_tag","embeddable":true,"href":"https:\/\/sventasmiskas.lt\/en\/wp-json\/wp\/v2\/product_tag?post=37863"}],"curies":[{"name":"wp","href":"https:\/\/api.w.org\/{rel}","templated":true}]}}