{"id":37845,"date":"2026-04-13T16:00:36","date_gmt":"2026-04-13T16:00:36","guid":{"rendered":"https:\/\/sventasmiskas.lt\/parduotuve\/gamtos-ritmas\/"},"modified":"2026-04-13T16:00:36","modified_gmt":"2026-04-13T16:00:36","slug":"gamtos-ritmas","status":"publish","type":"product","link":"https:\/\/sventasmiskas.lt\/en\/parduotuve\/gamtos-ritmas\/","title":{"rendered":"Gamtos ritmas"},"content":{"rendered":"<p>\u269c\ufe0e \u017diedas sukurtas i\u0161 925 prabos sidabro, sveria 3,13 g, dydis 16.<\/p>\n<p>\u269c\ufe0e Inkrustuotas 5 laboratorijoje u\u017eaugintais \u017ealiais deimantais (RBC \u2013 57), bendras svoris ~ 0,10 ct, \u0161varumas VS.<\/p>\n<p>\u269c\ufe0e Pintos, lapijos \u012fkv\u0117ptos linijos susilieja \u012f gyv\u0105, organi\u0161k\u0105 form\u0105, primenan\u010di\u0105 mi\u0161ko \u0161ak\u0173 ir lap\u0173 jud\u0117jim\u0105.<\/p>\n<p>\u269c\ufe0e Subtil\u016bs \u017eali deimant\u0173 blyksniai tarp tekst\u016br\u0173 kuria \u0161veln\u0173, nat\u016bral\u0173 \u0161vyt\u0117jim\u0105.<\/p>\n<p>\u269c\ufe0e Prabuota Latvijos prabavimo r\u016bmuose.<\/p>\n<p>\u269c\ufe0e Papuo\u0161alas parduodamas su dovan\u0173 d\u0117\u017eute.<\/p>","protected":false},"excerpt":{"rendered":"<p>\u269c\ufe0e \u017diedas sukurtas i\u0161 925 prabos sidabro, sveria 3,13 g, dydis 16. \u269c\ufe0e Inkrustuotas 5 laboratorijoje u\u017eaugintais \u017ealiais deimantais (RBC<\/p>","protected":false},"featured_media":37843,"template":"","meta":[],"product_brand":[],"product_cat":[124],"product_tag":[],"class_list":{"0":"post-37845","1":"product","2":"type-product","3":"status-publish","4":"has-post-thumbnail","6":"product_cat-ziedai","8":"first","9":"instock","10":"taxable","11":"shipping-taxable","12":"purchasable","13":"product-type-simple"},"jetpack_sharing_enabled":true,"_links":{"self":[{"href":"https:\/\/sventasmiskas.lt\/en\/wp-json\/wp\/v2\/product\/37845","targetHints":{"allow":["GET"]}}],"collection":[{"href":"https:\/\/sventasmiskas.lt\/en\/wp-json\/wp\/v2\/product"}],"about":[{"href":"https:\/\/sventasmiskas.lt\/en\/wp-json\/wp\/v2\/types\/product"}],"wp:featuredmedia":[{"embeddable":true,"href":"https:\/\/sventasmiskas.lt\/en\/wp-json\/wp\/v2\/media\/37843"}],"wp:attachment":[{"href":"https:\/\/sventasmiskas.lt\/en\/wp-json\/wp\/v2\/media?parent=37845"}],"wp:term":[{"taxonomy":"product_brand","embeddable":true,"href":"https:\/\/sventasmiskas.lt\/en\/wp-json\/wp\/v2\/product_brand?post=37845"},{"taxonomy":"product_cat","embeddable":true,"href":"https:\/\/sventasmiskas.lt\/en\/wp-json\/wp\/v2\/product_cat?post=37845"},{"taxonomy":"product_tag","embeddable":true,"href":"https:\/\/sventasmiskas.lt\/en\/wp-json\/wp\/v2\/product_tag?post=37845"}],"curies":[{"name":"wp","href":"https:\/\/api.w.org\/{rel}","templated":true}]}}