{"id":37830,"date":"2026-04-11T18:11:19","date_gmt":"2026-04-11T18:11:19","guid":{"rendered":"https:\/\/sventasmiskas.lt\/parduotuve\/paparcio-ziedas\/"},"modified":"2026-04-11T18:11:19","modified_gmt":"2026-04-11T18:11:19","slug":"paparcio-ziedas","status":"publish","type":"product","link":"https:\/\/sventasmiskas.lt\/en\/parduotuve\/paparcio-ziedas\/","title":{"rendered":"Papar\u010dio \u017eiedas"},"content":{"rendered":"<p>\u269c\ufe0e Vienetinis \u017eiedas sukurtas i\u0161 585 prabos geltono aukso tamsinto juodu rod\u017eiu, sveria 3,52 g, dydis 17.<\/p>\n<p>\u269c\ufe0e Centre \u012ftvirtintas nat\u016bralus smaragdas (oval mix cut), ~ 0,37 ct, papildytas 6 nat\u016braliais deimantais (bendras svoris ~ 0,09 ct, spalva W, \u0161varumas VVS\u2013VS). Su oficialia prabavimu r\u016bm\u0173 etikete patvirtinan\u010di\u0105 brangakmeni\u0173 autenti\u0161kum\u0105 bei kokybinius parametrus.<\/p>\n<p>\u269c\ufe0e Organin\u0117, papar\u010di\u0173 \u012fkv\u0117pta tekst\u016bra subtiliai apgaubia centrin\u012f akmen\u012f, kurdama gyv\u0105, gamtos alsavimu persmelkt\u0105 kompozicij\u0105.<\/p>\n<p>\u269c\ufe0e Smaragdo sodri \u017ealia spalva kontrastuoja su \u0161viesiais deimant\u0173 blyksniais, suteikdama \u017eiedui i\u0161skirtinio gylio ir elegancijos.<\/p>\n<p>\u269c\ufe0e Prabuota Latvijos prabavimo r\u016bmuose.<\/p>","protected":false},"excerpt":{"rendered":"<p>\u269c\ufe0e Vienetinis \u017eiedas sukurtas i\u0161 585 prabos geltono aukso tamsinto juodu rod\u017eiu, sveria 3,52 g, dydis 17. \u269c\ufe0e Centre \u012ftvirtintas<\/p>","protected":false},"featured_media":37819,"template":"","meta":[],"product_brand":[],"product_cat":[221,124],"product_tag":[],"class_list":{"0":"post-37830","1":"product","2":"type-product","3":"status-publish","4":"has-post-thumbnail","6":"product_cat-juvelyrika-is-aukso","7":"product_cat-ziedai","9":"first","10":"instock","11":"taxable","12":"shipping-taxable","13":"purchasable","14":"product-type-simple"},"jetpack_sharing_enabled":true,"_links":{"self":[{"href":"https:\/\/sventasmiskas.lt\/en\/wp-json\/wp\/v2\/product\/37830","targetHints":{"allow":["GET"]}}],"collection":[{"href":"https:\/\/sventasmiskas.lt\/en\/wp-json\/wp\/v2\/product"}],"about":[{"href":"https:\/\/sventasmiskas.lt\/en\/wp-json\/wp\/v2\/types\/product"}],"wp:featuredmedia":[{"embeddable":true,"href":"https:\/\/sventasmiskas.lt\/en\/wp-json\/wp\/v2\/media\/37819"}],"wp:attachment":[{"href":"https:\/\/sventasmiskas.lt\/en\/wp-json\/wp\/v2\/media?parent=37830"}],"wp:term":[{"taxonomy":"product_brand","embeddable":true,"href":"https:\/\/sventasmiskas.lt\/en\/wp-json\/wp\/v2\/product_brand?post=37830"},{"taxonomy":"product_cat","embeddable":true,"href":"https:\/\/sventasmiskas.lt\/en\/wp-json\/wp\/v2\/product_cat?post=37830"},{"taxonomy":"product_tag","embeddable":true,"href":"https:\/\/sventasmiskas.lt\/en\/wp-json\/wp\/v2\/product_tag?post=37830"}],"curies":[{"name":"wp","href":"https:\/\/api.w.org\/{rel}","templated":true}]}}