{"id":37771,"date":"2026-03-02T12:10:09","date_gmt":"2026-03-02T12:10:09","guid":{"rendered":"https:\/\/sventasmiskas.lt\/parduotuve\/zvaigzdziu-takas\/"},"modified":"2026-03-02T12:10:09","modified_gmt":"2026-03-02T12:10:09","slug":"zvaigzdziu-takas","status":"publish","type":"product","link":"https:\/\/sventasmiskas.lt\/en\/parduotuve\/zvaigzdziu-takas\/","title":{"rendered":"\u017dvaig\u017ed\u017ei\u0173 takas"},"content":{"rendered":"<p>\u269c\ufe0e \u017diedas sukurtas i\u0161 585 prabos rausvo aukso, sveria 2,83 g.<\/p>\n<p>\u269c\ufe0e \u017diedo dydis 17<\/p>\n<p>\u269c\ufe0e Inkrustuotas 12 nat\u016brali\u0173 teal safyr\u0173 (round mix cut), bendras svoris ~ 0,70 ct, \u0161varumas VS\u2013SI, spalva B. Safyr\u0173 dydis 2,3 mm<\/p>\n<p>\u269c\ufe0e Safyrai i\u0161d\u0117styti vientisa juosta, subtiliai \u012ftvirtinti, leid\u017eiant \u0161viesai laisvai \u017eaisti kiekviename akmenyje ir sukurti sodr\u0173 m\u0117lyn\u0105 spindes\u012f.<\/p>\n<p>\u269c\ufe0e Eleganti\u0161ka, plona forma ir gamti\u0161ka fakt\u016bra suteikia \u017eiedui i\u0161skirtinumo bei leid\u017eia j\u012f derinti tiek vien\u0105, tiek sluoksniuojant su kitais \u017eiedais.<\/p>\n<p>\u269c\ufe0e Prabuota Latvijos prabavimo r\u016bmuose.<\/p>\n<p>\u269c\ufe0e Papuo\u0161alas parduodamas su dovan\u0173 d\u0117\u017eute.<\/p>","protected":false},"excerpt":{"rendered":"<p>\u269c\ufe0e \u017diedas sukurtas i\u0161 585 prabos rausvo aukso, sveria 2,83 g. \u269c\ufe0e \u017diedo dydis 17 \u269c\ufe0e Inkrustuotas 12 nat\u016brali\u0173 teal<\/p>","protected":false},"featured_media":37769,"template":"","meta":[],"product_brand":[],"product_cat":[221,124],"product_tag":[],"class_list":{"0":"post-37771","1":"product","2":"type-product","3":"status-publish","4":"has-post-thumbnail","6":"product_cat-juvelyrika-is-aukso","7":"product_cat-ziedai","9":"first","10":"instock","11":"taxable","12":"shipping-taxable","13":"purchasable","14":"product-type-simple"},"jetpack_sharing_enabled":true,"_links":{"self":[{"href":"https:\/\/sventasmiskas.lt\/en\/wp-json\/wp\/v2\/product\/37771","targetHints":{"allow":["GET"]}}],"collection":[{"href":"https:\/\/sventasmiskas.lt\/en\/wp-json\/wp\/v2\/product"}],"about":[{"href":"https:\/\/sventasmiskas.lt\/en\/wp-json\/wp\/v2\/types\/product"}],"wp:featuredmedia":[{"embeddable":true,"href":"https:\/\/sventasmiskas.lt\/en\/wp-json\/wp\/v2\/media\/37769"}],"wp:attachment":[{"href":"https:\/\/sventasmiskas.lt\/en\/wp-json\/wp\/v2\/media?parent=37771"}],"wp:term":[{"taxonomy":"product_brand","embeddable":true,"href":"https:\/\/sventasmiskas.lt\/en\/wp-json\/wp\/v2\/product_brand?post=37771"},{"taxonomy":"product_cat","embeddable":true,"href":"https:\/\/sventasmiskas.lt\/en\/wp-json\/wp\/v2\/product_cat?post=37771"},{"taxonomy":"product_tag","embeddable":true,"href":"https:\/\/sventasmiskas.lt\/en\/wp-json\/wp\/v2\/product_tag?post=37771"}],"curies":[{"name":"wp","href":"https:\/\/api.w.org\/{rel}","templated":true}]}}