{"id":37733,"date":"2026-02-11T16:53:03","date_gmt":"2026-02-11T16:53:03","guid":{"rendered":"https:\/\/sventasmiskas.lt\/parduotuve\/rytmecio-zvaigzde\/"},"modified":"2026-03-02T12:11:35","modified_gmt":"2026-03-02T12:11:35","slug":"rytmecio-zvaigzde","status":"publish","type":"product","link":"https:\/\/sventasmiskas.lt\/en\/parduotuve\/rytmecio-zvaigzde\/","title":{"rendered":"Rytme\u010dio \u017evaig\u017ed\u0117"},"content":{"rendered":"<p>\u269c Rank\u0173 darbo vienetinis auksinis \u017eiedas su deimantu ir subtilia, med\u017eio \u0161akel\u0119 primenan\u010dia tekst\u016bra.<\/p>\n<p>\u269c Centre \u2013 deimantas, apvalaus briaunavimo, ~0,30 ct, spalva EW\u2013RW+, skaidrumas P1.<\/p>\n<p>\u269c \u017diedas pagamintas i\u0161 585 prabos geltono aukso, svoris 2,27 g. Prabuotas Latvijos prabavimo r\u016bmuose, su oficialia etikete.<\/p>\n<p>\u269c \u017diedo dydis 16,5.<\/p>\n<p>\u269c Papuo\u0161alas supakuotas dovan\u0173 d\u0117\u017eut\u0117je.<\/p>","protected":false},"excerpt":{"rendered":"<p>\u269c Rank\u0173 darbo vienetinis auksinis \u017eiedas su deimantu ir subtilia, med\u017eio \u0161akel\u0119 primenan\u010dia tekst\u016bra. \u269c Centre \u2013 deimantas, apvalaus briaunavimo,<\/p>","protected":false},"featured_media":37732,"template":"","meta":[],"product_brand":[],"product_cat":[221,124],"product_tag":[],"class_list":{"0":"post-37733","1":"product","2":"type-product","3":"status-publish","4":"has-post-thumbnail","6":"product_cat-juvelyrika-is-aukso","7":"product_cat-ziedai","9":"first","10":"instock","11":"taxable","12":"shipping-taxable","13":"purchasable","14":"product-type-simple"},"jetpack_sharing_enabled":true,"_links":{"self":[{"href":"https:\/\/sventasmiskas.lt\/en\/wp-json\/wp\/v2\/product\/37733","targetHints":{"allow":["GET"]}}],"collection":[{"href":"https:\/\/sventasmiskas.lt\/en\/wp-json\/wp\/v2\/product"}],"about":[{"href":"https:\/\/sventasmiskas.lt\/en\/wp-json\/wp\/v2\/types\/product"}],"wp:featuredmedia":[{"embeddable":true,"href":"https:\/\/sventasmiskas.lt\/en\/wp-json\/wp\/v2\/media\/37732"}],"wp:attachment":[{"href":"https:\/\/sventasmiskas.lt\/en\/wp-json\/wp\/v2\/media?parent=37733"}],"wp:term":[{"taxonomy":"product_brand","embeddable":true,"href":"https:\/\/sventasmiskas.lt\/en\/wp-json\/wp\/v2\/product_brand?post=37733"},{"taxonomy":"product_cat","embeddable":true,"href":"https:\/\/sventasmiskas.lt\/en\/wp-json\/wp\/v2\/product_cat?post=37733"},{"taxonomy":"product_tag","embeddable":true,"href":"https:\/\/sventasmiskas.lt\/en\/wp-json\/wp\/v2\/product_tag?post=37733"}],"curies":[{"name":"wp","href":"https:\/\/api.w.org\/{rel}","templated":true}]}}