{"id":37728,"date":"2026-02-11T16:03:48","date_gmt":"2026-02-11T16:03:48","guid":{"rendered":"https:\/\/sventasmiskas.lt\/parduotuve\/zalia-sviesa\/"},"modified":"2026-03-30T12:09:18","modified_gmt":"2026-03-30T12:09:18","slug":"zalia-sviesa","status":"publish","type":"product","link":"https:\/\/sventasmiskas.lt\/en\/parduotuve\/zalia-sviesa\/","title":{"rendered":"\u017dalia \u0161viesa"},"content":{"rendered":"<p>\u269c Rank\u0173 darbo vienetinis auksinis \u017eiedas su nat\u016braliu \u017ealiu dvispalviu turmalinu, laboratoriniais deimantais ir botaniniais motyvais.<\/p>\n<p>\u269c Centre \u2013 nat\u016bralus turmalinas, apvalaus briaunavimo, sodrios \u017ealios spalvos; \u0161onuose \u012fstatyti du laboratorijoje u\u017eauginti deimantai, bendras j\u0173 svoris 0,18 ct, skaidrumas VVS\u2013VS.<\/p>\n<p>\u269c \u017diedas pagamintas i\u0161 585 prabos rausvo aukso, svoris 2,15 g. Prabuotas Latvijos prabavimo r\u016bmuose, su oficialia etikete.<\/p>\n<p>\u269c \u017diedo dydis 16,8.<\/p>\n<p>\u269c Papuo\u0161alas supakuotas dovan\u0173 d\u0117\u017eut\u0117je.<\/p>","protected":false},"excerpt":{"rendered":"<p>\u269c Rank\u0173 darbo vienetinis auksinis \u017eiedas su nat\u016braliu \u017ealiu dvispalviu turmalinu, laboratoriniais deimantais ir botaniniais motyvais. \u269c Centre \u2013 nat\u016bralus<\/p>","protected":false},"featured_media":37727,"template":"","meta":[],"product_brand":[],"product_cat":[221,124],"product_tag":[],"class_list":{"0":"post-37728","1":"product","2":"type-product","3":"status-publish","4":"has-post-thumbnail","6":"product_cat-juvelyrika-is-aukso","7":"product_cat-ziedai","9":"first","10":"outofstock","11":"taxable","12":"shipping-taxable","13":"purchasable","14":"product-type-simple"},"jetpack_sharing_enabled":true,"_links":{"self":[{"href":"https:\/\/sventasmiskas.lt\/en\/wp-json\/wp\/v2\/product\/37728","targetHints":{"allow":["GET"]}}],"collection":[{"href":"https:\/\/sventasmiskas.lt\/en\/wp-json\/wp\/v2\/product"}],"about":[{"href":"https:\/\/sventasmiskas.lt\/en\/wp-json\/wp\/v2\/types\/product"}],"wp:featuredmedia":[{"embeddable":true,"href":"https:\/\/sventasmiskas.lt\/en\/wp-json\/wp\/v2\/media\/37727"}],"wp:attachment":[{"href":"https:\/\/sventasmiskas.lt\/en\/wp-json\/wp\/v2\/media?parent=37728"}],"wp:term":[{"taxonomy":"product_brand","embeddable":true,"href":"https:\/\/sventasmiskas.lt\/en\/wp-json\/wp\/v2\/product_brand?post=37728"},{"taxonomy":"product_cat","embeddable":true,"href":"https:\/\/sventasmiskas.lt\/en\/wp-json\/wp\/v2\/product_cat?post=37728"},{"taxonomy":"product_tag","embeddable":true,"href":"https:\/\/sventasmiskas.lt\/en\/wp-json\/wp\/v2\/product_tag?post=37728"}],"curies":[{"name":"wp","href":"https:\/\/api.w.org\/{rel}","templated":true}]}}