{"id":37724,"date":"2026-02-11T15:40:37","date_gmt":"2026-02-11T15:40:37","guid":{"rendered":"https:\/\/sventasmiskas.lt\/parduotuve\/rugiagele\/"},"modified":"2026-02-11T16:04:13","modified_gmt":"2026-02-11T16:04:13","slug":"rugiagele","status":"publish","type":"product","link":"https:\/\/sventasmiskas.lt\/en\/parduotuve\/rugiagele\/","title":{"rendered":"Rugiag\u0117l\u0117"},"content":{"rendered":"<p>\u269c Vienetinis geltono aukso \u017eiedas su laboratorijoje u\u017eaugintu m\u0117lynu deimantu ir botaniniais motyvais.<\/p>\n<p>\u269c Centre \u2013 laboratorinis \u201eFancy Vivid Blue\u201c deimantas, apvalaus briaunavimo, 0,50 ct, skaidrumas VVS2.<\/p>\n<p>\u269c \u017diedas pagamintas i\u0161 585 prabos aukso, svoris 1,96 g. Prabuotas Latvijos prabavimo r\u016bmuose, su oficialia etikete.<\/p>\n<p>\u269c \u017diedo dydis 17.<\/p>\n<p>\u269c Papuo\u0161alas supakuotas dovan\u0173 d\u0117\u017eut\u0117je.<\/p>","protected":false},"excerpt":{"rendered":"<p>\u269c Vienetinis geltono aukso \u017eiedas su laboratorijoje u\u017eaugintu m\u0117lynu deimantu ir botaniniais motyvais. \u269c Centre \u2013 laboratorinis \u201eFancy Vivid Blue\u201c<\/p>","protected":false},"featured_media":37721,"template":"","meta":[],"product_brand":[],"product_cat":[221,124],"product_tag":[],"class_list":{"0":"post-37724","1":"product","2":"type-product","3":"status-publish","4":"has-post-thumbnail","6":"product_cat-juvelyrika-is-aukso","7":"product_cat-ziedai","9":"first","10":"instock","11":"taxable","12":"shipping-taxable","13":"purchasable","14":"product-type-simple"},"jetpack_sharing_enabled":true,"_links":{"self":[{"href":"https:\/\/sventasmiskas.lt\/en\/wp-json\/wp\/v2\/product\/37724","targetHints":{"allow":["GET"]}}],"collection":[{"href":"https:\/\/sventasmiskas.lt\/en\/wp-json\/wp\/v2\/product"}],"about":[{"href":"https:\/\/sventasmiskas.lt\/en\/wp-json\/wp\/v2\/types\/product"}],"wp:featuredmedia":[{"embeddable":true,"href":"https:\/\/sventasmiskas.lt\/en\/wp-json\/wp\/v2\/media\/37721"}],"wp:attachment":[{"href":"https:\/\/sventasmiskas.lt\/en\/wp-json\/wp\/v2\/media?parent=37724"}],"wp:term":[{"taxonomy":"product_brand","embeddable":true,"href":"https:\/\/sventasmiskas.lt\/en\/wp-json\/wp\/v2\/product_brand?post=37724"},{"taxonomy":"product_cat","embeddable":true,"href":"https:\/\/sventasmiskas.lt\/en\/wp-json\/wp\/v2\/product_cat?post=37724"},{"taxonomy":"product_tag","embeddable":true,"href":"https:\/\/sventasmiskas.lt\/en\/wp-json\/wp\/v2\/product_tag?post=37724"}],"curies":[{"name":"wp","href":"https:\/\/api.w.org\/{rel}","templated":true}]}}