{"id":37712,"date":"2026-01-28T12:28:12","date_gmt":"2026-01-28T12:28:12","guid":{"rendered":"https:\/\/sventasmiskas.lt\/parduotuve\/meiles-saknys\/"},"modified":"2026-04-15T12:25:42","modified_gmt":"2026-04-15T12:25:42","slug":"meiles-saknys","status":"publish","type":"product","link":"https:\/\/sventasmiskas.lt\/en\/parduotuve\/meiles-saknys\/","title":{"rendered":"Meil\u0117s \u0161aknys"},"content":{"rendered":"<p>\u269c\ufe0e Vienetinis \u017eiedas sukurtas i\u0161 925 prabos sidabro, sveria 2,35 g, dydis 17.<\/p>\n<p>\u269c\ufe0e Centre \u2013 nat\u016bralus turmalinas, kurio atspalviai subtiliai kinta \u0161viesoje. Akmen\u012f papildo smulk\u016bs \u0161oniniai cirkonai, suteikiantys papildomo \u0161viesos \u017eaismo.<\/p>\n<p>\u269c\ufe0e Lapijos motyvais dekoruota forma apgaubia akmen\u012f tarsi mi\u0161ko \u0161akos, sukurdama organi\u0161k\u0105, harmoning\u0105 siluet\u0105.<\/p>\n<p>\u269c\ufe0e Prabuota Latvijos prabavimo r\u016bmuose.<\/p>\n<p>\u269c\ufe0e Papuo\u0161alas parduodamas su dovan\u0173 d\u0117\u017eute.<\/p>","protected":false},"excerpt":{"rendered":"<p>\u269c\ufe0e Vienetinis \u017eiedas sukurtas i\u0161 925 prabos sidabro, sveria 2,35 g, dydis 17. \u269c\ufe0e Centre \u2013 nat\u016bralus turmalinas, kurio atspalviai<\/p>","protected":false},"featured_media":37703,"template":"","meta":[],"product_brand":[],"product_cat":[124],"product_tag":[],"class_list":{"0":"post-37712","1":"product","2":"type-product","3":"status-publish","4":"has-post-thumbnail","6":"product_cat-ziedai","8":"first","9":"outofstock","10":"taxable","11":"shipping-taxable","12":"purchasable","13":"product-type-simple"},"jetpack_sharing_enabled":true,"_links":{"self":[{"href":"https:\/\/sventasmiskas.lt\/en\/wp-json\/wp\/v2\/product\/37712","targetHints":{"allow":["GET"]}}],"collection":[{"href":"https:\/\/sventasmiskas.lt\/en\/wp-json\/wp\/v2\/product"}],"about":[{"href":"https:\/\/sventasmiskas.lt\/en\/wp-json\/wp\/v2\/types\/product"}],"wp:featuredmedia":[{"embeddable":true,"href":"https:\/\/sventasmiskas.lt\/en\/wp-json\/wp\/v2\/media\/37703"}],"wp:attachment":[{"href":"https:\/\/sventasmiskas.lt\/en\/wp-json\/wp\/v2\/media?parent=37712"}],"wp:term":[{"taxonomy":"product_brand","embeddable":true,"href":"https:\/\/sventasmiskas.lt\/en\/wp-json\/wp\/v2\/product_brand?post=37712"},{"taxonomy":"product_cat","embeddable":true,"href":"https:\/\/sventasmiskas.lt\/en\/wp-json\/wp\/v2\/product_cat?post=37712"},{"taxonomy":"product_tag","embeddable":true,"href":"https:\/\/sventasmiskas.lt\/en\/wp-json\/wp\/v2\/product_tag?post=37712"}],"curies":[{"name":"wp","href":"https:\/\/api.w.org\/{rel}","templated":true}]}}