{"id":37645,"date":"2025-12-18T10:34:53","date_gmt":"2025-12-18T10:34:53","guid":{"rendered":"https:\/\/sventasmiskas.lt\/parduotuve\/zemes-alsavimas\/"},"modified":"2025-12-18T10:34:53","modified_gmt":"2025-12-18T10:34:53","slug":"zemes-alsavimas","status":"publish","type":"product","link":"https:\/\/sventasmiskas.lt\/en\/parduotuve\/zemes-alsavimas\/","title":{"rendered":"\u017dem\u0117s alsavimas"},"content":{"rendered":"<p>\u269c\ufe0e Vienetiniai auskarai sukurti i\u0161 925 prabos sidabro, pora sveria 4,25 g. Auskar\u0173 ilgis 15 mm.<\/p>\n<p>\u269c\ufe0e Centre \u012ftvirtinti nat\u016bral\u016bs d\u016bminio kvarco akmenys, pasi\u017eymintys gilia, \u017eemi\u0161ka spalva.<\/p>\n<p>\u269c\ufe0e Organin\u0117 kompozicija kuria dr\u0105s\u0173, ta\u010diau harmoning\u0105 gamtos \u012fkv\u0117pt\u0105 charakter\u012f.<\/p>\n<p>\u269c\ufe0e Prabuota Latvijos prabavimo r\u016bmuose.<\/p>\n<p>\u269c\ufe0e Papuo\u0161alas parduodamas su dovan\u0173 d\u0117\u017eute.<\/p>","protected":false},"excerpt":{"rendered":"<p>\u269c\ufe0e Vienetiniai auskarai sukurti i\u0161 925 prabos sidabro, pora sveria 4,25 g. Auskar\u0173 ilgis 15 mm. \u269c\ufe0e Centre \u012ftvirtinti nat\u016bral\u016bs<\/p>","protected":false},"featured_media":37642,"template":"","meta":[],"product_brand":[],"product_cat":[123],"product_tag":[],"class_list":{"0":"post-37645","1":"product","2":"type-product","3":"status-publish","4":"has-post-thumbnail","6":"product_cat-auskarai","8":"first","9":"instock","10":"taxable","11":"shipping-taxable","12":"purchasable","13":"product-type-simple"},"jetpack_sharing_enabled":true,"_links":{"self":[{"href":"https:\/\/sventasmiskas.lt\/en\/wp-json\/wp\/v2\/product\/37645","targetHints":{"allow":["GET"]}}],"collection":[{"href":"https:\/\/sventasmiskas.lt\/en\/wp-json\/wp\/v2\/product"}],"about":[{"href":"https:\/\/sventasmiskas.lt\/en\/wp-json\/wp\/v2\/types\/product"}],"wp:featuredmedia":[{"embeddable":true,"href":"https:\/\/sventasmiskas.lt\/en\/wp-json\/wp\/v2\/media\/37642"}],"wp:attachment":[{"href":"https:\/\/sventasmiskas.lt\/en\/wp-json\/wp\/v2\/media?parent=37645"}],"wp:term":[{"taxonomy":"product_brand","embeddable":true,"href":"https:\/\/sventasmiskas.lt\/en\/wp-json\/wp\/v2\/product_brand?post=37645"},{"taxonomy":"product_cat","embeddable":true,"href":"https:\/\/sventasmiskas.lt\/en\/wp-json\/wp\/v2\/product_cat?post=37645"},{"taxonomy":"product_tag","embeddable":true,"href":"https:\/\/sventasmiskas.lt\/en\/wp-json\/wp\/v2\/product_tag?post=37645"}],"curies":[{"name":"wp","href":"https:\/\/api.w.org\/{rel}","templated":true}]}}