{"id":37641,"date":"2025-12-18T10:22:37","date_gmt":"2025-12-18T10:22:37","guid":{"rendered":"https:\/\/sventasmiskas.lt\/parduotuve\/ryto-serksnas\/"},"modified":"2025-12-18T10:22:37","modified_gmt":"2025-12-18T10:22:37","slug":"ryto-serksnas","status":"publish","type":"product","link":"https:\/\/sventasmiskas.lt\/en\/parduotuve\/ryto-serksnas\/","title":{"rendered":"Ryto \u0161erk\u0161nas"},"content":{"rendered":"<p>\u269c\ufe0e Vienetinis \u017eiedas sukurtas i\u0161 925 prabos sidabro, sveria 2,3 g, dydis 17.<\/p>\n<p>\u269c\ufe0e Centre spindi nat\u016bralus m\u0117lynas topazas, subtiliai papildytas cirkonais, suteikian\u010diais papildomo \u0161viesos \u017eaismo.<\/p>\n<p>\u269c\ufe0e Lapijos \u012fkv\u0117pta forma apgaubia akmen\u012f tarsi mi\u0161ko \u0161akos, kurdama lengv\u0105, eleganti\u0161k\u0105 siluet\u0105.<\/p>\n<p>\u269c\ufe0e Prabuota Latvijos prabavimo r\u016bmuose.<\/p>\n<p>\u269c\ufe0e Papuo\u0161alas parduodamas su dovan\u0173 d\u0117\u017eute.<\/p>","protected":false},"excerpt":{"rendered":"<p>\u269c\ufe0e Vienetinis \u017eiedas sukurtas i\u0161 925 prabos sidabro, sveria 2,3 g, dydis 17. \u269c\ufe0e Centre spindi nat\u016bralus m\u0117lynas topazas, subtiliai<\/p>","protected":false},"featured_media":37637,"template":"","meta":[],"product_brand":[],"product_cat":[124],"product_tag":[],"class_list":{"0":"post-37641","1":"product","2":"type-product","3":"status-publish","4":"has-post-thumbnail","6":"product_cat-ziedai","8":"first","9":"instock","10":"taxable","11":"shipping-taxable","12":"purchasable","13":"product-type-simple"},"jetpack_sharing_enabled":true,"_links":{"self":[{"href":"https:\/\/sventasmiskas.lt\/en\/wp-json\/wp\/v2\/product\/37641","targetHints":{"allow":["GET"]}}],"collection":[{"href":"https:\/\/sventasmiskas.lt\/en\/wp-json\/wp\/v2\/product"}],"about":[{"href":"https:\/\/sventasmiskas.lt\/en\/wp-json\/wp\/v2\/types\/product"}],"wp:featuredmedia":[{"embeddable":true,"href":"https:\/\/sventasmiskas.lt\/en\/wp-json\/wp\/v2\/media\/37637"}],"wp:attachment":[{"href":"https:\/\/sventasmiskas.lt\/en\/wp-json\/wp\/v2\/media?parent=37641"}],"wp:term":[{"taxonomy":"product_brand","embeddable":true,"href":"https:\/\/sventasmiskas.lt\/en\/wp-json\/wp\/v2\/product_brand?post=37641"},{"taxonomy":"product_cat","embeddable":true,"href":"https:\/\/sventasmiskas.lt\/en\/wp-json\/wp\/v2\/product_cat?post=37641"},{"taxonomy":"product_tag","embeddable":true,"href":"https:\/\/sventasmiskas.lt\/en\/wp-json\/wp\/v2\/product_tag?post=37641"}],"curies":[{"name":"wp","href":"https:\/\/api.w.org\/{rel}","templated":true}]}}