{"id":37632,"date":"2025-12-18T10:07:04","date_gmt":"2025-12-18T10:07:04","guid":{"rendered":"https:\/\/sventasmiskas.lt\/parduotuve\/menulio-lasai\/"},"modified":"2025-12-18T10:36:10","modified_gmt":"2025-12-18T10:36:10","slug":"menulio-lasai","status":"publish","type":"product","link":"https:\/\/sventasmiskas.lt\/en\/parduotuve\/menulio-lasai\/","title":{"rendered":"M\u0117nulio la\u0161ai"},"content":{"rendered":"<p>\u269c\ufe0e Vienetiniai auskarai sukurti i\u0161 925 prabos sidabro. Pora sveria 3,04 g. Auskar\u0173 ilgis 21 mm.<\/p>\n<p>\u269c\ufe0e Auskarus puo\u0161ia nat\u016bral\u016bs m\u0117nulio akmenys, subtiliai \u017eai\u017earuojantys \u0161viesoje.<\/p>\n<p>\u269c\ufe0e Lapeliai ir la\u0161o formos akmenys kuria lengv\u0105, organi\u0161k\u0105, mi\u0161ko \u012fkv\u0117pt\u0105 siluet\u0105.<\/p>\n<p>\u269c\ufe0e Prabuota Latvijos prabavimo r\u016bmuose.<\/p>\n<p>\u269c\ufe0e Papuo\u0161alas parduodamas su dovan\u0173 d\u0117\u017eute.<\/p>","protected":false},"excerpt":{"rendered":"<p>\u269c\ufe0e Vienetiniai auskarai sukurti i\u0161 925 prabos sidabro. Pora sveria 3,04 g. Auskar\u0173 ilgis 21 mm. \u269c\ufe0e Auskarus puo\u0161ia nat\u016bral\u016bs<\/p>","protected":false},"featured_media":37631,"template":"","meta":[],"product_brand":[],"product_cat":[123],"product_tag":[],"class_list":{"0":"post-37632","1":"product","2":"type-product","3":"status-publish","4":"has-post-thumbnail","6":"product_cat-auskarai","8":"first","9":"instock","10":"sold-individually","11":"taxable","12":"shipping-taxable","13":"purchasable","14":"product-type-simple"},"jetpack_sharing_enabled":true,"_links":{"self":[{"href":"https:\/\/sventasmiskas.lt\/en\/wp-json\/wp\/v2\/product\/37632","targetHints":{"allow":["GET"]}}],"collection":[{"href":"https:\/\/sventasmiskas.lt\/en\/wp-json\/wp\/v2\/product"}],"about":[{"href":"https:\/\/sventasmiskas.lt\/en\/wp-json\/wp\/v2\/types\/product"}],"wp:featuredmedia":[{"embeddable":true,"href":"https:\/\/sventasmiskas.lt\/en\/wp-json\/wp\/v2\/media\/37631"}],"wp:attachment":[{"href":"https:\/\/sventasmiskas.lt\/en\/wp-json\/wp\/v2\/media?parent=37632"}],"wp:term":[{"taxonomy":"product_brand","embeddable":true,"href":"https:\/\/sventasmiskas.lt\/en\/wp-json\/wp\/v2\/product_brand?post=37632"},{"taxonomy":"product_cat","embeddable":true,"href":"https:\/\/sventasmiskas.lt\/en\/wp-json\/wp\/v2\/product_cat?post=37632"},{"taxonomy":"product_tag","embeddable":true,"href":"https:\/\/sventasmiskas.lt\/en\/wp-json\/wp\/v2\/product_tag?post=37632"}],"curies":[{"name":"wp","href":"https:\/\/api.w.org\/{rel}","templated":true}]}}