{"id":37590,"date":"2025-12-09T17:25:23","date_gmt":"2025-12-09T17:25:23","guid":{"rendered":"https:\/\/sventasmiskas.lt\/parduotuve\/produktas\/"},"modified":"2025-12-09T17:37:50","modified_gmt":"2025-12-09T17:37:50","slug":"produktas","status":"publish","type":"product","link":"https:\/\/sventasmiskas.lt\/en\/parduotuve\/produktas\/","title":{"rendered":"Dangaus \u0161altinis"},"content":{"rendered":"<p>\u269c Rank\u0173 darbo vienetinis auksinis \u017eiedas su nat\u016braliu safyru ir botaniniais motyvais.<\/p>\n<p>\u269c Centre \u2013 nat\u016bralus safyras, ovalaus mi\u0161raus briaunavimo, ~0,22 ct, spalva V 4\/3, skaidrumas VS, \u0161onuose \u012fstatyti du 1,5 mm dyd\u017eio nat\u016bral\u016bs deimantai.<\/p>\n<p>\u269c \u017diedas pagamintas i\u0161 585 prabos balto aukso, nerod\u017eiuotas, svoris 2,37 g. Prabuotas Latvijos prabavimo r\u016bmuose,  su oficialia etikete.<\/p>\n<p>\u269c \u017diedo dydis 17,1<\/p>\n<p>\u269c Papuo\u0161alas supakuotas dovan\u0173 d\u0117\u017eut\u0117je.<\/p>","protected":false},"excerpt":{"rendered":"<p>\u269c Rank\u0173 darbo vienetinis auksinis \u017eiedas su nat\u016braliu safyru ir botaniniais motyvais. \u269c Centre \u2013 nat\u016bralus safyras, ovalaus mi\u0161raus briaunavimo,<\/p>","protected":false},"featured_media":37578,"template":"","meta":[],"product_brand":[],"product_cat":[221,124],"product_tag":[],"class_list":{"0":"post-37590","1":"product","2":"type-product","3":"status-publish","4":"has-post-thumbnail","6":"product_cat-juvelyrika-is-aukso","7":"product_cat-ziedai","9":"first","10":"instock","11":"taxable","12":"shipping-taxable","13":"purchasable","14":"product-type-simple"},"jetpack_sharing_enabled":true,"_links":{"self":[{"href":"https:\/\/sventasmiskas.lt\/en\/wp-json\/wp\/v2\/product\/37590","targetHints":{"allow":["GET"]}}],"collection":[{"href":"https:\/\/sventasmiskas.lt\/en\/wp-json\/wp\/v2\/product"}],"about":[{"href":"https:\/\/sventasmiskas.lt\/en\/wp-json\/wp\/v2\/types\/product"}],"wp:featuredmedia":[{"embeddable":true,"href":"https:\/\/sventasmiskas.lt\/en\/wp-json\/wp\/v2\/media\/37578"}],"wp:attachment":[{"href":"https:\/\/sventasmiskas.lt\/en\/wp-json\/wp\/v2\/media?parent=37590"}],"wp:term":[{"taxonomy":"product_brand","embeddable":true,"href":"https:\/\/sventasmiskas.lt\/en\/wp-json\/wp\/v2\/product_brand?post=37590"},{"taxonomy":"product_cat","embeddable":true,"href":"https:\/\/sventasmiskas.lt\/en\/wp-json\/wp\/v2\/product_cat?post=37590"},{"taxonomy":"product_tag","embeddable":true,"href":"https:\/\/sventasmiskas.lt\/en\/wp-json\/wp\/v2\/product_tag?post=37590"}],"curies":[{"name":"wp","href":"https:\/\/api.w.org\/{rel}","templated":true}]}}