{"id":37575,"date":"2025-12-09T16:32:08","date_gmt":"2025-12-09T16:32:08","guid":{"rendered":"https:\/\/sventasmiskas.lt\/?post_type=product&#038;p=37575"},"modified":"2025-12-09T16:34:33","modified_gmt":"2025-12-09T16:34:33","slug":"saules-daigas","status":"publish","type":"product","link":"https:\/\/sventasmiskas.lt\/en\/parduotuve\/saules-daigas\/","title":{"rendered":"Saul\u0117s daigas"},"content":{"rendered":"<p>\u269c Rank\u0173 darbo vienetinis tamsinto sidabro pakabukas su nat\u016bralia diaspora.<\/p>\n<p>\u269c Diaspora \u017eai\u017earuoja gelsvu, \u017ealsvu ir rudu atspalviu.<\/p>\n<p>\u269c Papuo\u0161alas sukurtas i\u0161 925 prabos sidabro, prabuotas Latvijos prabavimo r\u016bmuose, svoris 4 g (su grandin\u0117le).<\/p>\n<p>\u269c Supakuotas dovan\u0173 d\u0117\u017eut\u0117je.<\/p>","protected":false},"excerpt":{"rendered":"<p>\u269c Rank\u0173 darbo vienetinis tamsinto sidabro pakabukas su nat\u016bralia diaspora. \u269c Diaspora \u017eai\u017earuoja gelsvu, \u017ealsvu ir rudu atspalviu. \u269c Papuo\u0161alas<\/p>","protected":false},"featured_media":37574,"template":"","meta":[],"product_brand":[],"product_cat":[21,125],"product_tag":[],"class_list":{"0":"post-37575","1":"product","2":"type-product","3":"status-publish","4":"has-post-thumbnail","6":"product_cat-no-category","7":"product_cat-kaklo-papuosalai","9":"first","10":"instock","11":"taxable","12":"shipping-taxable","13":"purchasable","14":"product-type-variable"},"jetpack_sharing_enabled":true,"_links":{"self":[{"href":"https:\/\/sventasmiskas.lt\/en\/wp-json\/wp\/v2\/product\/37575","targetHints":{"allow":["GET"]}}],"collection":[{"href":"https:\/\/sventasmiskas.lt\/en\/wp-json\/wp\/v2\/product"}],"about":[{"href":"https:\/\/sventasmiskas.lt\/en\/wp-json\/wp\/v2\/types\/product"}],"wp:featuredmedia":[{"embeddable":true,"href":"https:\/\/sventasmiskas.lt\/en\/wp-json\/wp\/v2\/media\/37574"}],"wp:attachment":[{"href":"https:\/\/sventasmiskas.lt\/en\/wp-json\/wp\/v2\/media?parent=37575"}],"wp:term":[{"taxonomy":"product_brand","embeddable":true,"href":"https:\/\/sventasmiskas.lt\/en\/wp-json\/wp\/v2\/product_brand?post=37575"},{"taxonomy":"product_cat","embeddable":true,"href":"https:\/\/sventasmiskas.lt\/en\/wp-json\/wp\/v2\/product_cat?post=37575"},{"taxonomy":"product_tag","embeddable":true,"href":"https:\/\/sventasmiskas.lt\/en\/wp-json\/wp\/v2\/product_tag?post=37575"}],"curies":[{"name":"wp","href":"https:\/\/api.w.org\/{rel}","templated":true}]}}