{"id":37569,"date":"2025-12-09T16:02:15","date_gmt":"2025-12-09T16:02:15","guid":{"rendered":"https:\/\/sventasmiskas.lt\/?post_type=product&#038;p=37569"},"modified":"2025-12-09T16:04:26","modified_gmt":"2025-12-09T16:04:26","slug":"gyvoji-ugnis","status":"publish","type":"product","link":"https:\/\/sventasmiskas.lt\/en\/parduotuve\/gyvoji-ugnis\/","title":{"rendered":"Gyvoji ugnis"},"content":{"rendered":"<p>\u269c Rank\u0173 darbo vienetinis tamsinto sidabro pakabukas su nat\u016braliu opalu.<\/p>\n<p>\u269c 4,46 g svorio papuo\u0161alas (su grandin\u0117le), sukurtas i\u0161 925 prabos sidabro, prabuotas Latvijos prabavimo r\u016bmuose.<\/p>\n<p>\u269c Organinis papuo\u0161alo dizainas \u012fr\u0117mina opal\u0105 taip, kad kiekvienas jo spalv\u0173 blyksnis tampa atskiru reginiu. Opalas \u017eai\u017earuoja \u017ealiais, oran\u017einiais ir geltonais atspalviais \u2014 tarsi ma\u017eyt\u0117 gyva liepsna.<\/p>\n<p>\u269c Papuo\u0161alas supakuotas dovan\u0173 d\u0117\u017eut\u0117je.<\/p>","protected":false},"excerpt":{"rendered":"<p>\u269c Rank\u0173 darbo vienetinis tamsinto sidabro pakabukas su nat\u016braliu opalu. \u269c 4,46 g svorio papuo\u0161alas (su grandin\u0117le), sukurtas i\u0161 925<\/p>","protected":false},"featured_media":37566,"template":"","meta":[],"product_brand":[],"product_cat":[21,125],"product_tag":[],"class_list":{"0":"post-37569","1":"product","2":"type-product","3":"status-publish","4":"has-post-thumbnail","6":"product_cat-no-category","7":"product_cat-kaklo-papuosalai","9":"first","10":"instock","11":"taxable","12":"shipping-taxable","13":"purchasable","14":"product-type-variable"},"jetpack_sharing_enabled":true,"_links":{"self":[{"href":"https:\/\/sventasmiskas.lt\/en\/wp-json\/wp\/v2\/product\/37569","targetHints":{"allow":["GET"]}}],"collection":[{"href":"https:\/\/sventasmiskas.lt\/en\/wp-json\/wp\/v2\/product"}],"about":[{"href":"https:\/\/sventasmiskas.lt\/en\/wp-json\/wp\/v2\/types\/product"}],"wp:featuredmedia":[{"embeddable":true,"href":"https:\/\/sventasmiskas.lt\/en\/wp-json\/wp\/v2\/media\/37566"}],"wp:attachment":[{"href":"https:\/\/sventasmiskas.lt\/en\/wp-json\/wp\/v2\/media?parent=37569"}],"wp:term":[{"taxonomy":"product_brand","embeddable":true,"href":"https:\/\/sventasmiskas.lt\/en\/wp-json\/wp\/v2\/product_brand?post=37569"},{"taxonomy":"product_cat","embeddable":true,"href":"https:\/\/sventasmiskas.lt\/en\/wp-json\/wp\/v2\/product_cat?post=37569"},{"taxonomy":"product_tag","embeddable":true,"href":"https:\/\/sventasmiskas.lt\/en\/wp-json\/wp\/v2\/product_tag?post=37569"}],"curies":[{"name":"wp","href":"https:\/\/api.w.org\/{rel}","templated":true}]}}