{"id":37563,"date":"2025-12-09T15:42:26","date_gmt":"2025-12-09T15:42:26","guid":{"rendered":"https:\/\/sventasmiskas.lt\/?post_type=product&#038;p=37563"},"modified":"2025-12-09T16:04:59","modified_gmt":"2025-12-09T16:04:59","slug":"elriano-asara","status":"publish","type":"product","link":"https:\/\/sventasmiskas.lt\/en\/parduotuve\/elriano-asara\/","title":{"rendered":"Elriano a\u0161ara"},"content":{"rendered":"<p>\u269c Rank\u0173 darbo vienetinis tamsinto sidabro pakabukas. Centre \u2013 \u0161velniai \u017ealiu atspalviu \u0161vytintis nat\u016bralus agato akmuo, apsuptas organi\u0161k\u0173 sidabro linij\u0173.<\/p>\n<p>\u269c Kompozicij\u0105 papildo trys ma\u017eieji akcentai \u2013 \u017evilgantis topazo akmen\u0117liai bei botaniniai motyvai.<\/p>\n<p>\u269c Sidabras 925 prabos, prabuota Latvijos prabavimo r\u016bmuose, svoris 4,26 g (su grandin\u0117le).<\/p>\n<p>\u269c Supakuojamas \u012f \u0160vento mi\u0161ko dovan\u0173 d\u0117\u017eut\u0119.<\/p>","protected":false},"excerpt":{"rendered":"<p>\u269c Rank\u0173 darbo vienetinis tamsinto sidabro pakabukas. Centre \u2013 \u0161velniai \u017ealiu atspalviu \u0161vytintis nat\u016bralus agato akmuo, apsuptas organi\u0161k\u0173 sidabro linij\u0173.<\/p>","protected":false},"featured_media":37561,"template":"","meta":[],"product_brand":[],"product_cat":[21,125],"product_tag":[],"class_list":{"0":"post-37563","1":"product","2":"type-product","3":"status-publish","4":"has-post-thumbnail","6":"product_cat-no-category","7":"product_cat-kaklo-papuosalai","9":"first","10":"instock","11":"taxable","12":"shipping-taxable","13":"purchasable","14":"product-type-variable"},"jetpack_sharing_enabled":true,"_links":{"self":[{"href":"https:\/\/sventasmiskas.lt\/en\/wp-json\/wp\/v2\/product\/37563","targetHints":{"allow":["GET"]}}],"collection":[{"href":"https:\/\/sventasmiskas.lt\/en\/wp-json\/wp\/v2\/product"}],"about":[{"href":"https:\/\/sventasmiskas.lt\/en\/wp-json\/wp\/v2\/types\/product"}],"wp:featuredmedia":[{"embeddable":true,"href":"https:\/\/sventasmiskas.lt\/en\/wp-json\/wp\/v2\/media\/37561"}],"wp:attachment":[{"href":"https:\/\/sventasmiskas.lt\/en\/wp-json\/wp\/v2\/media?parent=37563"}],"wp:term":[{"taxonomy":"product_brand","embeddable":true,"href":"https:\/\/sventasmiskas.lt\/en\/wp-json\/wp\/v2\/product_brand?post=37563"},{"taxonomy":"product_cat","embeddable":true,"href":"https:\/\/sventasmiskas.lt\/en\/wp-json\/wp\/v2\/product_cat?post=37563"},{"taxonomy":"product_tag","embeddable":true,"href":"https:\/\/sventasmiskas.lt\/en\/wp-json\/wp\/v2\/product_tag?post=37563"}],"curies":[{"name":"wp","href":"https:\/\/api.w.org\/{rel}","templated":true}]}}