{"id":37532,"date":"2025-12-05T14:10:08","date_gmt":"2025-12-05T14:10:08","guid":{"rendered":"https:\/\/sventasmiskas.lt\/parduotuve\/sviesos-sakele\/"},"modified":"2025-12-19T09:10:27","modified_gmt":"2025-12-19T09:10:27","slug":"sviesos-sakele","status":"publish","type":"product","link":"https:\/\/sventasmiskas.lt\/en\/parduotuve\/sviesos-sakele\/","title":{"rendered":"\u0160viesos \u0161akel\u0117"},"content":{"rendered":"<p>\u269c Unikalus 585 prabos geltono aukso. Organin\u0117, \u0161akel\u0119 primenanti forma subtiliai \u012fr\u0117mina pagrindin\u012f akmen\u012f \u2013 1 karato salt &amp; pepper deimant\u0105, kuris tampa viso \u017eiedo centru.<\/p>\n<p>\u269c \u017diede inkrustuotas 1 ct apvalaus \u0161lifavimo deimantas (RBC-57), svoris: ~1,00 ct, spalva: STW, \u0161varumas: P3<\/p>\n<p>\u269c \u017diedas pagamintas i\u0161 585 prabos aukso, sveria 2,92 g.<\/p>\n<p>\u269c Prabuota Latvijos prabavimo r\u016bmuose, su oficialia etikete.<\/p>\n<p>\u269c Dydis 17,5. Galimas dyd\u017eio keitimas pagal poreik\u012f.<\/p>\n<p>\u269c Papuo\u0161alas supakuotas dovan\u0173 d\u0117\u017eut\u0117je.<\/p>","protected":false},"excerpt":{"rendered":"<p>\u269c Unikalus 585 prabos geltono aukso. Organin\u0117, \u0161akel\u0119 primenanti forma subtiliai \u012fr\u0117mina pagrindin\u012f akmen\u012f \u2013 1 karato salt &amp; pepper<\/p>","protected":false},"featured_media":37529,"template":"","meta":[],"product_brand":[],"product_cat":[221,124],"product_tag":[],"class_list":{"0":"post-37532","1":"product","2":"type-product","3":"status-publish","4":"has-post-thumbnail","6":"product_cat-juvelyrika-is-aukso","7":"product_cat-ziedai","9":"first","10":"outofstock","11":"sold-individually","12":"taxable","13":"shipping-taxable","14":"purchasable","15":"product-type-simple"},"jetpack_sharing_enabled":true,"_links":{"self":[{"href":"https:\/\/sventasmiskas.lt\/en\/wp-json\/wp\/v2\/product\/37532","targetHints":{"allow":["GET"]}}],"collection":[{"href":"https:\/\/sventasmiskas.lt\/en\/wp-json\/wp\/v2\/product"}],"about":[{"href":"https:\/\/sventasmiskas.lt\/en\/wp-json\/wp\/v2\/types\/product"}],"wp:featuredmedia":[{"embeddable":true,"href":"https:\/\/sventasmiskas.lt\/en\/wp-json\/wp\/v2\/media\/37529"}],"wp:attachment":[{"href":"https:\/\/sventasmiskas.lt\/en\/wp-json\/wp\/v2\/media?parent=37532"}],"wp:term":[{"taxonomy":"product_brand","embeddable":true,"href":"https:\/\/sventasmiskas.lt\/en\/wp-json\/wp\/v2\/product_brand?post=37532"},{"taxonomy":"product_cat","embeddable":true,"href":"https:\/\/sventasmiskas.lt\/en\/wp-json\/wp\/v2\/product_cat?post=37532"},{"taxonomy":"product_tag","embeddable":true,"href":"https:\/\/sventasmiskas.lt\/en\/wp-json\/wp\/v2\/product_tag?post=37532"}],"curies":[{"name":"wp","href":"https:\/\/api.w.org\/{rel}","templated":true}]}}