{"id":37523,"date":"2025-12-05T13:37:35","date_gmt":"2025-12-05T13:37:35","guid":{"rendered":"https:\/\/sventasmiskas.lt\/?post_type=product&#038;p=37523"},"modified":"2025-12-18T10:50:58","modified_gmt":"2025-12-18T10:50:58","slug":"lunara","status":"publish","type":"product","link":"https:\/\/sventasmiskas.lt\/en\/parduotuve\/lunara\/","title":{"rendered":"Lunara"},"content":{"rendered":"<p>\u269c\ufe0e Vienetinis sidabrinis pakabukas su nat\u016braliu m\u0117nulio akmeniu \u2013 mineralu, kuris \u0161velniai skleid\u017eia m\u0117lynos \u0161viesos \u017eaism\u0105, primenant\u012f ram\u0173 nakties dang\u0173. Kiekvienas kampas \u0161velniai atspindi \u0161vies\u0105, tod\u0117l pakabukas atrodo tarsi gyvas.<\/p>\n<p>\u269c\ufe0e \u0160io papuo\u0161alo organi\u0161ka, netaisyklinga forma primena gamtos kurt\u0105 reljef\u0105 \u2013 lyg m\u0117nulio \u0161viesos suformuot\u0105 form\u0105 ar koral\u0105.<\/p>\n<p>\u269c\ufe0e Pagaminta i\u0161 925 prabos sidabro, pakabukas sveria 3,95 g (be grandin\u0117l\u0117s).<\/p>\n<p>\u269c\ufe0e Prabuota Latvijos prabavimo r\u016bmuose.<\/p>\n<p>\u269c\ufe0e Papuo\u0161alas supakuotas dovan\u0173 d\u0117\u017eut\u0117je.<\/p>","protected":false},"excerpt":{"rendered":"<p>\u269c\ufe0e Vienetinis sidabrinis pakabukas su nat\u016braliu m\u0117nulio akmeniu \u2013 mineralu, kuris \u0161velniai skleid\u017eia m\u0117lynos \u0161viesos \u017eaism\u0105, primenant\u012f ram\u0173 nakties dang\u0173.<\/p>","protected":false},"featured_media":37522,"template":"","meta":[],"product_brand":[],"product_cat":[21,125],"product_tag":[],"class_list":{"0":"post-37523","1":"product","2":"type-product","3":"status-publish","4":"has-post-thumbnail","6":"product_cat-no-category","7":"product_cat-kaklo-papuosalai","9":"first","10":"outofstock","11":"taxable","12":"shipping-taxable","13":"purchasable","14":"product-type-variable"},"jetpack_sharing_enabled":true,"_links":{"self":[{"href":"https:\/\/sventasmiskas.lt\/en\/wp-json\/wp\/v2\/product\/37523","targetHints":{"allow":["GET"]}}],"collection":[{"href":"https:\/\/sventasmiskas.lt\/en\/wp-json\/wp\/v2\/product"}],"about":[{"href":"https:\/\/sventasmiskas.lt\/en\/wp-json\/wp\/v2\/types\/product"}],"wp:featuredmedia":[{"embeddable":true,"href":"https:\/\/sventasmiskas.lt\/en\/wp-json\/wp\/v2\/media\/37522"}],"wp:attachment":[{"href":"https:\/\/sventasmiskas.lt\/en\/wp-json\/wp\/v2\/media?parent=37523"}],"wp:term":[{"taxonomy":"product_brand","embeddable":true,"href":"https:\/\/sventasmiskas.lt\/en\/wp-json\/wp\/v2\/product_brand?post=37523"},{"taxonomy":"product_cat","embeddable":true,"href":"https:\/\/sventasmiskas.lt\/en\/wp-json\/wp\/v2\/product_cat?post=37523"},{"taxonomy":"product_tag","embeddable":true,"href":"https:\/\/sventasmiskas.lt\/en\/wp-json\/wp\/v2\/product_tag?post=37523"}],"curies":[{"name":"wp","href":"https:\/\/api.w.org\/{rel}","templated":true}]}}