{"id":37519,"date":"2025-12-05T13:30:35","date_gmt":"2025-12-05T13:30:35","guid":{"rendered":"https:\/\/sventasmiskas.lt\/parduotuve\/misko-karuna\/"},"modified":"2025-12-11T15:59:37","modified_gmt":"2025-12-11T15:59:37","slug":"misko-karuna","status":"publish","type":"product","link":"https:\/\/sventasmiskas.lt\/en\/parduotuve\/misko-karuna\/","title":{"rendered":"Mi\u0161ko kar\u016bna"},"content":{"rendered":"<p>\u269c\ufe0e I\u0161skirtinis 585 prabos rasusvo aukso \u017eiedas, sukurtas tarsi mi\u0161ko kar\u016bna \u2013 subtil\u016bs lap\u0173 motyvai apsupa \u017eai\u017earuojan\u010dius \u017ealsvus deimantus ir kuria organi\u0161k\u0105, gyv\u0105 kompozicij\u0105.<\/p>\n<p>\u269c\ufe0e Akmenys: 1 laboratorijoje i\u0161augintas deimantas (PBC 57), ~0,60 ct, spalva Deep Yellowish Green, skaidrumas VVS ir 5 laboratorijoje i\u0161auginti deimantai (RBC 57), bendras svoris ~0,22 ct, spalva Yellowish Green, skaidrumas VVS.<\/p>\n<p>\u269c\ufe0e \u017diedas pagamintas i\u0161 585 prabos aukso, sveria 3,08 g. Dydis 17<\/p>\n<p>\u269c\ufe0e Prabuota Latvijos prabavimo r\u016bmuose, su oficialia etikete.<\/p>\n<p>\u269c\ufe0e Papuo\u0161alas supakuotas dovan\u0173 d\u0117\u017eut\u0117je.<\/p>","protected":false},"excerpt":{"rendered":"<p>\u269c\ufe0e I\u0161skirtinis 585 prabos rasusvo aukso \u017eiedas, sukurtas tarsi mi\u0161ko kar\u016bna \u2013 subtil\u016bs lap\u0173 motyvai apsupa \u017eai\u017earuojan\u010dius \u017ealsvus deimantus ir<\/p>","protected":false},"featured_media":37515,"template":"","meta":[],"product_brand":[],"product_cat":[221,124],"product_tag":[],"class_list":{"0":"post-37519","1":"product","2":"type-product","3":"status-publish","4":"has-post-thumbnail","6":"product_cat-juvelyrika-is-aukso","7":"product_cat-ziedai","9":"first","10":"outofstock","11":"taxable","12":"shipping-taxable","13":"purchasable","14":"product-type-simple"},"jetpack_sharing_enabled":true,"_links":{"self":[{"href":"https:\/\/sventasmiskas.lt\/en\/wp-json\/wp\/v2\/product\/37519","targetHints":{"allow":["GET"]}}],"collection":[{"href":"https:\/\/sventasmiskas.lt\/en\/wp-json\/wp\/v2\/product"}],"about":[{"href":"https:\/\/sventasmiskas.lt\/en\/wp-json\/wp\/v2\/types\/product"}],"wp:featuredmedia":[{"embeddable":true,"href":"https:\/\/sventasmiskas.lt\/en\/wp-json\/wp\/v2\/media\/37515"}],"wp:attachment":[{"href":"https:\/\/sventasmiskas.lt\/en\/wp-json\/wp\/v2\/media?parent=37519"}],"wp:term":[{"taxonomy":"product_brand","embeddable":true,"href":"https:\/\/sventasmiskas.lt\/en\/wp-json\/wp\/v2\/product_brand?post=37519"},{"taxonomy":"product_cat","embeddable":true,"href":"https:\/\/sventasmiskas.lt\/en\/wp-json\/wp\/v2\/product_cat?post=37519"},{"taxonomy":"product_tag","embeddable":true,"href":"https:\/\/sventasmiskas.lt\/en\/wp-json\/wp\/v2\/product_tag?post=37519"}],"curies":[{"name":"wp","href":"https:\/\/api.w.org\/{rel}","templated":true}]}}