{"id":37507,"date":"2025-12-05T13:17:02","date_gmt":"2025-12-05T13:17:02","guid":{"rendered":"https:\/\/sventasmiskas.lt\/parduotuve\/lizdas\/"},"modified":"2026-01-18T11:13:23","modified_gmt":"2026-01-18T11:13:23","slug":"lizdas","status":"publish","type":"product","link":"https:\/\/sventasmiskas.lt\/en\/parduotuve\/lizdas\/","title":{"rendered":"Lizdas"},"content":{"rendered":"<p>\u269c\ufe0e I\u0161skirtinis 585 prabos rausvo aukso \u017eiedas su lapais, pauk\u0161\u010diu ir \u0161iltu, organi\u0161ku dizainu. Centre \u012fstatytas ry\u0161kus ro\u017einis laboratorijoje i\u0161augintas deimantas, kurio spalva ir spindesys subtiliai \u017eai\u017earuoja nuo kiekvieno judesio.<\/p>\n<p>\u269c\ufe0e Akmenys: 1 laboratorijoje i\u0161augintas deimantas, RBC 57, ~0,50 ct, spalva Pink, skaidrumas VVS ir  1 laboratorijoje i\u0161augintas deimantas, RBC 57, ~0,04 ct, spalva Pink, skaidrumas VVS.<\/p>\n<p>\u269c\ufe0e \u017diedas pagamintas i\u0161 585 prabos aukso, sveria 3,37 g. Dydis 15,9<\/p>\n<p>\u269c\ufe0e Prabuota Latvijos prabavimo r\u016bmuose, su oficialia etikete.<\/p>\n<p>\u269c\ufe0e Papuo\u0161alas supakuotas dovan\u0173 d\u0117\u017eut\u0117je.<\/p>","protected":false},"excerpt":{"rendered":"<p>\u269c\ufe0e I\u0161skirtinis 585 prabos rausvo aukso \u017eiedas su lapais, pauk\u0161\u010diu ir \u0161iltu, organi\u0161ku dizainu. Centre \u012fstatytas ry\u0161kus ro\u017einis laboratorijoje i\u0161augintas<\/p>","protected":false},"featured_media":37496,"template":"","meta":[],"product_brand":[],"product_cat":[221,124],"product_tag":[],"class_list":{"0":"post-37507","1":"product","2":"type-product","3":"status-publish","4":"has-post-thumbnail","6":"product_cat-juvelyrika-is-aukso","7":"product_cat-ziedai","9":"first","10":"outofstock","11":"taxable","12":"shipping-taxable","13":"purchasable","14":"product-type-simple"},"jetpack_sharing_enabled":true,"_links":{"self":[{"href":"https:\/\/sventasmiskas.lt\/en\/wp-json\/wp\/v2\/product\/37507","targetHints":{"allow":["GET"]}}],"collection":[{"href":"https:\/\/sventasmiskas.lt\/en\/wp-json\/wp\/v2\/product"}],"about":[{"href":"https:\/\/sventasmiskas.lt\/en\/wp-json\/wp\/v2\/types\/product"}],"wp:featuredmedia":[{"embeddable":true,"href":"https:\/\/sventasmiskas.lt\/en\/wp-json\/wp\/v2\/media\/37496"}],"wp:attachment":[{"href":"https:\/\/sventasmiskas.lt\/en\/wp-json\/wp\/v2\/media?parent=37507"}],"wp:term":[{"taxonomy":"product_brand","embeddable":true,"href":"https:\/\/sventasmiskas.lt\/en\/wp-json\/wp\/v2\/product_brand?post=37507"},{"taxonomy":"product_cat","embeddable":true,"href":"https:\/\/sventasmiskas.lt\/en\/wp-json\/wp\/v2\/product_cat?post=37507"},{"taxonomy":"product_tag","embeddable":true,"href":"https:\/\/sventasmiskas.lt\/en\/wp-json\/wp\/v2\/product_tag?post=37507"}],"curies":[{"name":"wp","href":"https:\/\/api.w.org\/{rel}","templated":true}]}}