{"id":37489,"date":"2025-12-05T13:00:46","date_gmt":"2025-12-05T13:00:46","guid":{"rendered":"https:\/\/sventasmiskas.lt\/parduotuve\/gilios-misko-akys\/"},"modified":"2026-04-20T16:47:57","modified_gmt":"2026-04-20T16:47:57","slug":"gilios-misko-akys","status":"publish","type":"product","link":"https:\/\/sventasmiskas.lt\/en\/parduotuve\/gilios-misko-akys\/","title":{"rendered":"Gilios mi\u0161ko akys"},"content":{"rendered":"<p>\u269c\ufe0e Eleganti\u0161kas 585 prabos rausvo aukso \u017eiedas, puo\u0161tas laboratorijoje i\u0161augintu deimantu intensyvios deep yellowish green spalvos. Akmuo \u012fstatytas \u012f organi\u0161k\u0105, \u0161akeli\u0173 motyvu sukurt\u0105 \u017eiedo form\u0105.<\/p>\n<p>\u269c\ufe0e Deimantas: lab grown, PBC 57, svoris ~0,45 ct, spalva Deep Yellowish Green, skaidrumas VVS.<\/p>\n<p>\u269c\ufe0e \u017diedas kurtas i\u0161 585 prabos aukso, sveria 2,14 g. Dydis 16,8<\/p>\n<p>\u269c\ufe0e Prabuotas Latvijos prabavimo r\u016bmuose, su oficialia etikete.<\/p>\n<p>\u269c\ufe0e Papuo\u0161alas supakuotas dovan\u0173 d\u0117\u017eut\u0117je.<\/p>","protected":false},"excerpt":{"rendered":"<p>\u269c\ufe0e Eleganti\u0161kas 585 prabos rausvo aukso \u017eiedas, puo\u0161tas laboratorijoje i\u0161augintu deimantu intensyvios deep yellowish green spalvos. Akmuo \u012fstatytas \u012f organi\u0161k\u0105,<\/p>","protected":false},"featured_media":37509,"template":"","meta":[],"product_brand":[],"product_cat":[221,124],"product_tag":[],"class_list":{"0":"post-37489","1":"product","2":"type-product","3":"status-publish","4":"has-post-thumbnail","6":"product_cat-juvelyrika-is-aukso","7":"product_cat-ziedai","9":"first","10":"outofstock","11":"taxable","12":"shipping-taxable","13":"purchasable","14":"product-type-simple"},"jetpack_sharing_enabled":true,"_links":{"self":[{"href":"https:\/\/sventasmiskas.lt\/en\/wp-json\/wp\/v2\/product\/37489","targetHints":{"allow":["GET"]}}],"collection":[{"href":"https:\/\/sventasmiskas.lt\/en\/wp-json\/wp\/v2\/product"}],"about":[{"href":"https:\/\/sventasmiskas.lt\/en\/wp-json\/wp\/v2\/types\/product"}],"wp:featuredmedia":[{"embeddable":true,"href":"https:\/\/sventasmiskas.lt\/en\/wp-json\/wp\/v2\/media\/37509"}],"wp:attachment":[{"href":"https:\/\/sventasmiskas.lt\/en\/wp-json\/wp\/v2\/media?parent=37489"}],"wp:term":[{"taxonomy":"product_brand","embeddable":true,"href":"https:\/\/sventasmiskas.lt\/en\/wp-json\/wp\/v2\/product_brand?post=37489"},{"taxonomy":"product_cat","embeddable":true,"href":"https:\/\/sventasmiskas.lt\/en\/wp-json\/wp\/v2\/product_cat?post=37489"},{"taxonomy":"product_tag","embeddable":true,"href":"https:\/\/sventasmiskas.lt\/en\/wp-json\/wp\/v2\/product_tag?post=37489"}],"curies":[{"name":"wp","href":"https:\/\/api.w.org\/{rel}","templated":true}]}}