{"id":37476,"date":"2025-12-05T12:37:49","date_gmt":"2025-12-05T12:37:49","guid":{"rendered":"https:\/\/sventasmiskas.lt\/parduotuve\/zalioji-aura\/"},"modified":"2026-04-20T16:06:03","modified_gmt":"2026-04-20T16:06:03","slug":"zalioji-aura","status":"publish","type":"product","link":"https:\/\/sventasmiskas.lt\/en\/parduotuve\/zalioji-aura\/","title":{"rendered":"\u017dalioji aura"},"content":{"rendered":"<p>\u269c\ufe0e Geltono aukso pakabukas su nat\u016braliu \u017ealiu smaragdu, kur\u012f laiko organi\u0161ko dizaino kojel\u0117s, vir\u0161uje \u012fkomponuoti botaniniai motyvai su spindin\u010diu deimantu vir\u0161uje.<\/p>\n<p>\u269c\ufe0e Deimantas: laboratorijoje i\u0161augintas, Round Brilliant Cut (57 briaun\u0173), svoris ~0,04 ct, spalva EW\u2013RW+, skaidrumas VVS.<\/p>\n<p>\u269c\ufe0e Smaragdas: nat\u016bralus smaragdas, rough formos, svoris ~0,8\u20131,3 ct, spalva vslbG 5\/4, skaidrumas P2 (b\u016bdingi nat\u016bral\u016bs intarpai).<\/p>\n<p>\u269c\ufe0e Grandin\u0117l\u0117 ir pakabukas i\u0161 585 prabos aukso, bendras komplekto svoris 1,84 g. grandin\u0117l\u0117s ilgis 45 cm.<\/p>\n<p>\u269c\ufe0e Prabuota Latvijos prabavimo r\u016bmuose, su oficialia etikete.<\/p>\n<p>\u269c\ufe0e Papuo\u0161alas supakuotas dovan\u0173 d\u0117\u017eut\u0117je.<\/p>","protected":false},"excerpt":{"rendered":"<p>\u269c\ufe0e Geltono aukso pakabukas su nat\u016braliu \u017ealiu smaragdu, kur\u012f laiko organi\u0161ko dizaino kojel\u0117s, vir\u0161uje \u012fkomponuoti botaniniai motyvai su spindin\u010diu deimantu<\/p>","protected":false},"featured_media":37471,"template":"","meta":[],"product_brand":[],"product_cat":[221,125],"product_tag":[],"class_list":{"0":"post-37476","1":"product","2":"type-product","3":"status-publish","4":"has-post-thumbnail","6":"product_cat-juvelyrika-is-aukso","7":"product_cat-kaklo-papuosalai","9":"first","10":"outofstock","11":"taxable","12":"shipping-taxable","13":"purchasable","14":"product-type-simple"},"jetpack_sharing_enabled":true,"_links":{"self":[{"href":"https:\/\/sventasmiskas.lt\/en\/wp-json\/wp\/v2\/product\/37476","targetHints":{"allow":["GET"]}}],"collection":[{"href":"https:\/\/sventasmiskas.lt\/en\/wp-json\/wp\/v2\/product"}],"about":[{"href":"https:\/\/sventasmiskas.lt\/en\/wp-json\/wp\/v2\/types\/product"}],"wp:featuredmedia":[{"embeddable":true,"href":"https:\/\/sventasmiskas.lt\/en\/wp-json\/wp\/v2\/media\/37471"}],"wp:attachment":[{"href":"https:\/\/sventasmiskas.lt\/en\/wp-json\/wp\/v2\/media?parent=37476"}],"wp:term":[{"taxonomy":"product_brand","embeddable":true,"href":"https:\/\/sventasmiskas.lt\/en\/wp-json\/wp\/v2\/product_brand?post=37476"},{"taxonomy":"product_cat","embeddable":true,"href":"https:\/\/sventasmiskas.lt\/en\/wp-json\/wp\/v2\/product_cat?post=37476"},{"taxonomy":"product_tag","embeddable":true,"href":"https:\/\/sventasmiskas.lt\/en\/wp-json\/wp\/v2\/product_tag?post=37476"}],"curies":[{"name":"wp","href":"https:\/\/api.w.org\/{rel}","templated":true}]}}