{"id":37468,"date":"2025-12-05T11:13:24","date_gmt":"2025-12-05T11:13:24","guid":{"rendered":"https:\/\/sventasmiskas.lt\/parduotuve\/misko-giesmininkas\/"},"modified":"2025-12-05T11:13:24","modified_gmt":"2025-12-05T11:13:24","slug":"misko-giesmininkas","status":"publish","type":"product","link":"https:\/\/sventasmiskas.lt\/en\/parduotuve\/misko-giesmininkas\/","title":{"rendered":"Mi\u0161ko giesmininkas"},"content":{"rendered":"<p>\u269c Sidabro \u017eiedas su \u017ealiu onikso akmeniu ir \u0161one \u012fstatytu moisanitu.<\/p>\n<p>\u269c Organinis dizainas primena pauk\u0161t\u012f, \u012fsitaisius\u012f ant mi\u0161ko \u0161akel\u0117s.<\/p>\n<p>\u269c Dydis 16. Esant poreikiui \u017eiedo dydis gali b\u016bti kei\u010diamas.<\/p>\n<p>\u269c Prabuota Latvijos prabavimo r\u016bmuose, sidabro praba 925, sveria 2,62 g.<\/p>\n<p>\u269c Papuo\u0161alas supakuotas dovan\u0173 d\u0117\u017eut\u0117je.<\/p>","protected":false},"excerpt":{"rendered":"<p>\u269c Sidabro \u017eiedas su \u017ealiu onikso akmeniu ir \u0161one \u012fstatytu moisanitu. \u269c Organinis dizainas primena pauk\u0161t\u012f, \u012fsitaisius\u012f ant mi\u0161ko \u0161akel\u0117s.<\/p>","protected":false},"featured_media":37456,"template":"","meta":[],"product_brand":[],"product_cat":[124],"product_tag":[],"class_list":{"0":"post-37468","1":"product","2":"type-product","3":"status-publish","4":"has-post-thumbnail","6":"product_cat-ziedai","8":"first","9":"instock","10":"taxable","11":"shipping-taxable","12":"purchasable","13":"product-type-simple"},"jetpack_sharing_enabled":true,"_links":{"self":[{"href":"https:\/\/sventasmiskas.lt\/en\/wp-json\/wp\/v2\/product\/37468","targetHints":{"allow":["GET"]}}],"collection":[{"href":"https:\/\/sventasmiskas.lt\/en\/wp-json\/wp\/v2\/product"}],"about":[{"href":"https:\/\/sventasmiskas.lt\/en\/wp-json\/wp\/v2\/types\/product"}],"wp:featuredmedia":[{"embeddable":true,"href":"https:\/\/sventasmiskas.lt\/en\/wp-json\/wp\/v2\/media\/37456"}],"wp:attachment":[{"href":"https:\/\/sventasmiskas.lt\/en\/wp-json\/wp\/v2\/media?parent=37468"}],"wp:term":[{"taxonomy":"product_brand","embeddable":true,"href":"https:\/\/sventasmiskas.lt\/en\/wp-json\/wp\/v2\/product_brand?post=37468"},{"taxonomy":"product_cat","embeddable":true,"href":"https:\/\/sventasmiskas.lt\/en\/wp-json\/wp\/v2\/product_cat?post=37468"},{"taxonomy":"product_tag","embeddable":true,"href":"https:\/\/sventasmiskas.lt\/en\/wp-json\/wp\/v2\/product_tag?post=37468"}],"curies":[{"name":"wp","href":"https:\/\/api.w.org\/{rel}","templated":true}]}}