{"id":37455,"date":"2025-12-05T10:48:11","date_gmt":"2025-12-05T10:48:11","guid":{"rendered":"https:\/\/sventasmiskas.lt\/parduotuve\/lapu-simfonija\/"},"modified":"2025-12-05T12:42:32","modified_gmt":"2025-12-05T12:42:32","slug":"lapu-simfonija","status":"publish","type":"product","link":"https:\/\/sventasmiskas.lt\/en\/parduotuve\/lapu-simfonija\/","title":{"rendered":"Lap\u0173 simfonija"},"content":{"rendered":"<p>\u269c\ufe0e Vienetiniai auskarai sukurti i\u0161 925 prabos sidabro, padengto grynu auksu. Pora sveria 7 g.<\/p>\n<p>\u269c\ufe0e Centre spindi nat\u016bral\u016bs peridotai, o tarp lapeli\u0173 \u012fkomponuoti moisanitai suteikia papildomo spindesio.<\/p>\n<p>\u269c\ufe0e Organin\u0117, lap\u0173 vainik\u0105 primenanti forma kuria prabang\u0173, ta\u010diau lengv\u0105 gamti\u0161k\u0105 \u012fsp\u016bd\u012f.<\/p>\n<p>\u269c\ufe0e Prabuota Latvijos prabavimo r\u016bmuose.<\/p>\n<p>\u269c\ufe0e Papuo\u0161alas parduodamas su dovan\u0173 d\u0117\u017eute.<\/p>","protected":false},"excerpt":{"rendered":"<p>\u269c\ufe0e Vienetiniai auskarai sukurti i\u0161 925 prabos sidabro, padengto grynu auksu. Pora sveria 7 g. \u269c\ufe0e Centre spindi nat\u016bral\u016bs peridotai,<\/p>","protected":false},"featured_media":37477,"template":"","meta":[],"product_brand":[],"product_cat":[123],"product_tag":[],"class_list":{"0":"post-37455","1":"product","2":"type-product","3":"status-publish","4":"has-post-thumbnail","6":"product_cat-auskarai","8":"first","9":"instock","10":"taxable","11":"shipping-taxable","12":"purchasable","13":"product-type-simple"},"jetpack_sharing_enabled":true,"_links":{"self":[{"href":"https:\/\/sventasmiskas.lt\/en\/wp-json\/wp\/v2\/product\/37455","targetHints":{"allow":["GET"]}}],"collection":[{"href":"https:\/\/sventasmiskas.lt\/en\/wp-json\/wp\/v2\/product"}],"about":[{"href":"https:\/\/sventasmiskas.lt\/en\/wp-json\/wp\/v2\/types\/product"}],"wp:featuredmedia":[{"embeddable":true,"href":"https:\/\/sventasmiskas.lt\/en\/wp-json\/wp\/v2\/media\/37477"}],"wp:attachment":[{"href":"https:\/\/sventasmiskas.lt\/en\/wp-json\/wp\/v2\/media?parent=37455"}],"wp:term":[{"taxonomy":"product_brand","embeddable":true,"href":"https:\/\/sventasmiskas.lt\/en\/wp-json\/wp\/v2\/product_brand?post=37455"},{"taxonomy":"product_cat","embeddable":true,"href":"https:\/\/sventasmiskas.lt\/en\/wp-json\/wp\/v2\/product_cat?post=37455"},{"taxonomy":"product_tag","embeddable":true,"href":"https:\/\/sventasmiskas.lt\/en\/wp-json\/wp\/v2\/product_tag?post=37455"}],"curies":[{"name":"wp","href":"https:\/\/api.w.org\/{rel}","templated":true}]}}