{"id":37447,"date":"2025-12-04T21:05:51","date_gmt":"2025-12-04T21:05:51","guid":{"rendered":"https:\/\/sventasmiskas.lt\/parduotuve\/snaiges-12c\/"},"modified":"2025-12-22T16:53:35","modified_gmt":"2025-12-22T16:53:35","slug":"snaiges-12c","status":"publish","type":"product","link":"https:\/\/sventasmiskas.lt\/en\/parduotuve\/snaiges-12c\/","title":{"rendered":"Snaig\u0117s -12\u00b0C"},"content":{"rendered":"<p style=\"margin:0px0px20px;padding:0px;border:0px;vertical-align:baseline;font-style:normal;font-weight:400;line-height:inherit;font-family:Poppins,Arial,Helvetica,sans-serif;font-size:15px;color:rgb(118,118,118);letter-spacing:normal;text-transform:none;background-color:rgb(244,244,244);text-align:left\">\u269c\ufe0e Auskarai sukurti i\u0161 925 prabos sidabro, pora sveria 1,96 g. Auskar\u0173 ilgis 19 mm.<\/p>\n<p style=\"margin:0px0px20px;padding:0px;border:0px;vertical-align:baseline;font-style:normal;font-weight:400;line-height:inherit;font-family:Poppins,Arial,Helvetica,sans-serif;font-size:15px;color:rgb(118,118,118);letter-spacing:normal;text-transform:none;background-color:rgb(244,244,244);text-align:left\">\u269c\ufe0e Organin\u0117 snaig\u0117s forma atkartoja tikro \u0161erk\u0161no strukt\u016br\u0105 \u2013 lengv\u0105, netaisykling\u0105.<\/p>\n<p style=\"margin:0px0px20px;padding:0px;border:0px;vertical-align:baseline;font-style:normal;font-weight:400;line-height:inherit;font-family:Poppins,Arial,Helvetica,sans-serif;font-size:15px;color:rgb(118,118,118);letter-spacing:normal;text-transform:none;background-color:rgb(244,244,244);text-align:left\">\u269c\ufe0e Prabuota Latvijos prabavimo r\u016bmuose.<\/p>\n<p style=\"margin:0px;padding:0px;border:0px;vertical-align:baseline;font-style:normal;font-weight:400;line-height:inherit;font-family:Poppins,Arial,Helvetica,sans-serif;font-size:15px;color:rgb(118,118,118);letter-spacing:normal;text-transform:none;background-color:rgb(244,244,244);text-align:left\">\u269c\ufe0e Papuo\u0161alas parduodamas supakuotas dovan\u0173 d\u0117\u017eut\u0117je.<\/p>","protected":false},"excerpt":{"rendered":"<p>\u269c\ufe0e Auskarai sukurti i\u0161 925 prabos sidabro, pora sveria 1,96 g. Auskar\u0173 ilgis 19 mm. \u269c\ufe0e Organin\u0117 snaig\u0117s forma atkartoja<\/p>","protected":false},"featured_media":37441,"template":"","meta":[],"product_brand":[],"product_cat":[123],"product_tag":[],"class_list":{"0":"post-37447","1":"product","2":"type-product","3":"status-publish","4":"has-post-thumbnail","6":"product_cat-auskarai","8":"first","9":"outofstock","10":"taxable","11":"shipping-taxable","12":"purchasable","13":"product-type-simple"},"jetpack_sharing_enabled":true,"_links":{"self":[{"href":"https:\/\/sventasmiskas.lt\/en\/wp-json\/wp\/v2\/product\/37447","targetHints":{"allow":["GET"]}}],"collection":[{"href":"https:\/\/sventasmiskas.lt\/en\/wp-json\/wp\/v2\/product"}],"about":[{"href":"https:\/\/sventasmiskas.lt\/en\/wp-json\/wp\/v2\/types\/product"}],"wp:featuredmedia":[{"embeddable":true,"href":"https:\/\/sventasmiskas.lt\/en\/wp-json\/wp\/v2\/media\/37441"}],"wp:attachment":[{"href":"https:\/\/sventasmiskas.lt\/en\/wp-json\/wp\/v2\/media?parent=37447"}],"wp:term":[{"taxonomy":"product_brand","embeddable":true,"href":"https:\/\/sventasmiskas.lt\/en\/wp-json\/wp\/v2\/product_brand?post=37447"},{"taxonomy":"product_cat","embeddable":true,"href":"https:\/\/sventasmiskas.lt\/en\/wp-json\/wp\/v2\/product_cat?post=37447"},{"taxonomy":"product_tag","embeddable":true,"href":"https:\/\/sventasmiskas.lt\/en\/wp-json\/wp\/v2\/product_tag?post=37447"}],"curies":[{"name":"wp","href":"https:\/\/api.w.org\/{rel}","templated":true}]}}