{"id":37440,"date":"2025-12-04T20:59:47","date_gmt":"2025-12-04T20:59:47","guid":{"rendered":"https:\/\/sventasmiskas.lt\/parduotuve\/snaiges-6c\/"},"modified":"2026-01-01T17:49:12","modified_gmt":"2026-01-01T17:49:12","slug":"snaiges-6c","status":"publish","type":"product","link":"https:\/\/sventasmiskas.lt\/en\/parduotuve\/snaiges-6c\/","title":{"rendered":"Snaig\u0117s -6\u00b0C"},"content":{"rendered":"<p>\u269c\ufe0e Auskarai sukurti i\u0161 925 prabos sidabro, pora sveria 1,72 g. Auskar\u0173 ilgis 18 mm.<\/p>\n<p>\u269c\ufe0e Organin\u0117 snaig\u0117s forma atkartoja tikro \u0161erk\u0161no strukt\u016br\u0105 \u2013 lengv\u0105, netaisykling\u0105.<\/p>\n<p>\u269c\ufe0e Prabuota Latvijos prabavimo r\u016bmuose.<\/p>\n<p>\u269c\ufe0e Papuo\u0161alas parduodamas supakuotas dovan\u0173 d\u0117\u017eut\u0117je.<\/p>","protected":false},"excerpt":{"rendered":"<p>\u269c\ufe0e Auskarai sukurti i\u0161 925 prabos sidabro, pora sveria 1,72 g. Auskar\u0173 ilgis 18 mm. \u269c\ufe0e Organin\u0117 snaig\u0117s forma atkartoja<\/p>","protected":false},"featured_media":37434,"template":"","meta":[],"product_brand":[],"product_cat":[123],"product_tag":[],"class_list":{"0":"post-37440","1":"product","2":"type-product","3":"status-publish","4":"has-post-thumbnail","6":"product_cat-auskarai","8":"first","9":"outofstock","10":"taxable","11":"shipping-taxable","12":"purchasable","13":"product-type-simple"},"jetpack_sharing_enabled":true,"_links":{"self":[{"href":"https:\/\/sventasmiskas.lt\/en\/wp-json\/wp\/v2\/product\/37440","targetHints":{"allow":["GET"]}}],"collection":[{"href":"https:\/\/sventasmiskas.lt\/en\/wp-json\/wp\/v2\/product"}],"about":[{"href":"https:\/\/sventasmiskas.lt\/en\/wp-json\/wp\/v2\/types\/product"}],"wp:featuredmedia":[{"embeddable":true,"href":"https:\/\/sventasmiskas.lt\/en\/wp-json\/wp\/v2\/media\/37434"}],"wp:attachment":[{"href":"https:\/\/sventasmiskas.lt\/en\/wp-json\/wp\/v2\/media?parent=37440"}],"wp:term":[{"taxonomy":"product_brand","embeddable":true,"href":"https:\/\/sventasmiskas.lt\/en\/wp-json\/wp\/v2\/product_brand?post=37440"},{"taxonomy":"product_cat","embeddable":true,"href":"https:\/\/sventasmiskas.lt\/en\/wp-json\/wp\/v2\/product_cat?post=37440"},{"taxonomy":"product_tag","embeddable":true,"href":"https:\/\/sventasmiskas.lt\/en\/wp-json\/wp\/v2\/product_tag?post=37440"}],"curies":[{"name":"wp","href":"https:\/\/api.w.org\/{rel}","templated":true}]}}