{"id":37426,"date":"2025-12-04T20:35:47","date_gmt":"2025-12-04T20:35:47","guid":{"rendered":"https:\/\/sventasmiskas.lt\/parduotuve\/misko-saulutes\/"},"modified":"2025-12-04T20:35:47","modified_gmt":"2025-12-04T20:35:47","slug":"misko-saulutes","status":"publish","type":"product","link":"https:\/\/sventasmiskas.lt\/en\/parduotuve\/misko-saulutes\/","title":{"rendered":"Mi\u0161ko saulut\u0117s"},"content":{"rendered":"<p>\u269c\ufe0e Auksuoto sidabro auskarai, kuri\u0173 organi\u0161ka, lyg i\u0161 gamtos i\u0161augusi forma laiko du nat\u016bralius peridotus.<\/p>\n<p>\u269c\ufe0e Peridotai \u2013 \u0161viesiai \u017eali, skaidr\u016bs, simbolizuojantys saul\u0119, vasar\u0105 ir gyvyb\u0119.<\/p>\n<p>\u269c\ufe0e Bendras auskar\u0173 svoris \u2013 3,09 g. Auskar\u0173 ilgis 13 mm.<\/p>\n<p>\u269c\ufe0e Prabuota Latvijos prabavimo r\u016bmuose.<\/p>\n<p>\u269c\ufe0e Parduodami dovan\u0173 d\u0117\u017eut\u0117je \u2013 jaukus, \u0161viesos kupinas akcentas kasdienai ar ypatingai progai.<\/p>","protected":false},"excerpt":{"rendered":"<p>\u269c\ufe0e Auksuoto sidabro auskarai, kuri\u0173 organi\u0161ka, lyg i\u0161 gamtos i\u0161augusi forma laiko du nat\u016bralius peridotus. \u269c\ufe0e Peridotai \u2013 \u0161viesiai \u017eali,<\/p>","protected":false},"featured_media":37425,"template":"","meta":[],"product_brand":[],"product_cat":[123],"product_tag":[],"class_list":{"0":"post-37426","1":"product","2":"type-product","3":"status-publish","4":"has-post-thumbnail","6":"product_cat-auskarai","8":"first","9":"instock","10":"sold-individually","11":"taxable","12":"shipping-taxable","13":"purchasable","14":"product-type-simple"},"jetpack_sharing_enabled":true,"_links":{"self":[{"href":"https:\/\/sventasmiskas.lt\/en\/wp-json\/wp\/v2\/product\/37426","targetHints":{"allow":["GET"]}}],"collection":[{"href":"https:\/\/sventasmiskas.lt\/en\/wp-json\/wp\/v2\/product"}],"about":[{"href":"https:\/\/sventasmiskas.lt\/en\/wp-json\/wp\/v2\/types\/product"}],"wp:featuredmedia":[{"embeddable":true,"href":"https:\/\/sventasmiskas.lt\/en\/wp-json\/wp\/v2\/media\/37425"}],"wp:attachment":[{"href":"https:\/\/sventasmiskas.lt\/en\/wp-json\/wp\/v2\/media?parent=37426"}],"wp:term":[{"taxonomy":"product_brand","embeddable":true,"href":"https:\/\/sventasmiskas.lt\/en\/wp-json\/wp\/v2\/product_brand?post=37426"},{"taxonomy":"product_cat","embeddable":true,"href":"https:\/\/sventasmiskas.lt\/en\/wp-json\/wp\/v2\/product_cat?post=37426"},{"taxonomy":"product_tag","embeddable":true,"href":"https:\/\/sventasmiskas.lt\/en\/wp-json\/wp\/v2\/product_tag?post=37426"}],"curies":[{"name":"wp","href":"https:\/\/api.w.org\/{rel}","templated":true}]}}