{"id":37424,"date":"2025-12-04T20:26:31","date_gmt":"2025-12-04T20:26:31","guid":{"rendered":"https:\/\/sventasmiskas.lt\/parduotuve\/mazos-snaiges\/"},"modified":"2025-12-04T20:26:31","modified_gmt":"2025-12-04T20:26:31","slug":"mazos-snaiges","status":"publish","type":"product","link":"https:\/\/sventasmiskas.lt\/en\/parduotuve\/mazos-snaiges\/","title":{"rendered":"Ma\u017eos snaig\u0117s"},"content":{"rendered":"<p>\u269c\ufe0e 925 prabos sidabro auskarai, sukurti pagal nat\u016brali\u0173 snaigi\u0173 strukt\u016br\u0105 \u2013 nelygi\u0105, organi\u0161k\u0105.<\/p>\n<p>\u269c\ufe0e Svoris \u2013 1,14 g. Auskar\u0173 ilgis 12 mm.<\/p>\n<p>\u269c\ufe0e Prabuota Latvijos prabavimo r\u016bmuose.<\/p>\n<p>\u269c\ufe0e Parduodami supakuoti dovan\u0173 d\u0117\u017eut\u0117je \u2013 jaukus, lengvas \u017eiemos simbolis kasdienai.<\/p>","protected":false},"excerpt":{"rendered":"<p>\u269c\ufe0e 925 prabos sidabro auskarai, sukurti pagal nat\u016brali\u0173 snaigi\u0173 strukt\u016br\u0105 \u2013 nelygi\u0105, organi\u0161k\u0105. \u269c\ufe0e Svoris \u2013 1,14 g. Auskar\u0173 ilgis<\/p>","protected":false},"featured_media":37422,"template":"","meta":[],"product_brand":[],"product_cat":[123],"product_tag":[],"class_list":{"0":"post-37424","1":"product","2":"type-product","3":"status-publish","4":"has-post-thumbnail","6":"product_cat-auskarai","8":"first","9":"instock","10":"taxable","11":"shipping-taxable","12":"purchasable","13":"product-type-simple"},"jetpack_sharing_enabled":true,"_links":{"self":[{"href":"https:\/\/sventasmiskas.lt\/en\/wp-json\/wp\/v2\/product\/37424","targetHints":{"allow":["GET"]}}],"collection":[{"href":"https:\/\/sventasmiskas.lt\/en\/wp-json\/wp\/v2\/product"}],"about":[{"href":"https:\/\/sventasmiskas.lt\/en\/wp-json\/wp\/v2\/types\/product"}],"wp:featuredmedia":[{"embeddable":true,"href":"https:\/\/sventasmiskas.lt\/en\/wp-json\/wp\/v2\/media\/37422"}],"wp:attachment":[{"href":"https:\/\/sventasmiskas.lt\/en\/wp-json\/wp\/v2\/media?parent=37424"}],"wp:term":[{"taxonomy":"product_brand","embeddable":true,"href":"https:\/\/sventasmiskas.lt\/en\/wp-json\/wp\/v2\/product_brand?post=37424"},{"taxonomy":"product_cat","embeddable":true,"href":"https:\/\/sventasmiskas.lt\/en\/wp-json\/wp\/v2\/product_cat?post=37424"},{"taxonomy":"product_tag","embeddable":true,"href":"https:\/\/sventasmiskas.lt\/en\/wp-json\/wp\/v2\/product_tag?post=37424"}],"curies":[{"name":"wp","href":"https:\/\/api.w.org\/{rel}","templated":true}]}}