{"id":37421,"date":"2025-12-04T20:16:06","date_gmt":"2025-12-04T20:16:06","guid":{"rendered":"https:\/\/sventasmiskas.lt\/parduotuve\/tulziai-su-safyrais\/"},"modified":"2025-12-17T06:45:50","modified_gmt":"2025-12-17T06:45:50","slug":"tulziai-su-safyrais","status":"publish","type":"product","link":"https:\/\/sventasmiskas.lt\/en\/parduotuve\/tulziai-su-safyrais\/","title":{"rendered":"Tul\u017eiai su safyrais"},"content":{"rendered":"<p>\u269c\ufe0e 925 prabos sidabro auskarai, sukurti kaip ma\u017ey\u010diai pauk\u0161\u010diai, atne\u0161antys savo radin\u012f \u2014 du vandens atspalvio safyrus.<\/p>\n<p>\u269c\ufe0e Safyrai (i\u0161 viso ~0,12 ct, B 4\/1 SI) \u012fstatyti pauk\u0161\u010di\u0173 snapeliuose, suteikiant auskarams \u017eaisming\u0105, gyv\u0105 charakter\u012f.<\/p>\n<p>\u269c\ufe0e Bendras svoris \u2013 1,95 g. Auskar\u0173 ilgis 16 mm.<\/p>\n<p>\u269c\ufe0e Prabuota Latvijos prabavimo r\u016bmuose, su oficialia etikete.<\/p>\n<p>\u269c\ufe0e Parduodami supakuoti dovan\u0173 d\u0117\u017eut\u0117je.<\/p>","protected":false},"excerpt":{"rendered":"<p>\u269c\ufe0e 925 prabos sidabro auskarai, sukurti kaip ma\u017ey\u010diai pauk\u0161\u010diai, atne\u0161antys savo radin\u012f \u2014 du vandens atspalvio safyrus. \u269c\ufe0e Safyrai (i\u0161<\/p>","protected":false},"featured_media":37417,"template":"","meta":[],"product_brand":[],"product_cat":[123],"product_tag":[],"class_list":{"0":"post-37421","1":"product","2":"type-product","3":"status-publish","4":"has-post-thumbnail","6":"product_cat-auskarai","8":"first","9":"instock","10":"taxable","11":"shipping-taxable","12":"purchasable","13":"product-type-simple"},"jetpack_sharing_enabled":true,"_links":{"self":[{"href":"https:\/\/sventasmiskas.lt\/en\/wp-json\/wp\/v2\/product\/37421","targetHints":{"allow":["GET"]}}],"collection":[{"href":"https:\/\/sventasmiskas.lt\/en\/wp-json\/wp\/v2\/product"}],"about":[{"href":"https:\/\/sventasmiskas.lt\/en\/wp-json\/wp\/v2\/types\/product"}],"wp:featuredmedia":[{"embeddable":true,"href":"https:\/\/sventasmiskas.lt\/en\/wp-json\/wp\/v2\/media\/37417"}],"wp:attachment":[{"href":"https:\/\/sventasmiskas.lt\/en\/wp-json\/wp\/v2\/media?parent=37421"}],"wp:term":[{"taxonomy":"product_brand","embeddable":true,"href":"https:\/\/sventasmiskas.lt\/en\/wp-json\/wp\/v2\/product_brand?post=37421"},{"taxonomy":"product_cat","embeddable":true,"href":"https:\/\/sventasmiskas.lt\/en\/wp-json\/wp\/v2\/product_cat?post=37421"},{"taxonomy":"product_tag","embeddable":true,"href":"https:\/\/sventasmiskas.lt\/en\/wp-json\/wp\/v2\/product_tag?post=37421"}],"curies":[{"name":"wp","href":"https:\/\/api.w.org\/{rel}","templated":true}]}}