{"id":37415,"date":"2025-12-04T19:53:23","date_gmt":"2025-12-04T19:53:23","guid":{"rendered":"https:\/\/sventasmiskas.lt\/parduotuve\/drugeliai\/"},"modified":"2025-12-24T19:00:35","modified_gmt":"2025-12-24T19:00:35","slug":"drugeliai","status":"publish","type":"product","link":"https:\/\/sventasmiskas.lt\/en\/parduotuve\/drugeliai\/","title":{"rendered":"Drugeliai"},"content":{"rendered":"<p>\u269c\ufe0e Sidabriniai auskarai su drugeliais.<\/p>\n<p>\u269c\ufe0e Pagaminti i\u0161 925 prabos sidabro, bendras svoris \u2013 5,4 g. Auskar\u0173 ilgis 36 mm.<\/p>\n<p>\u269c\ufe0e Prabuota Latvijos prabavimo r\u016bmuose.<\/p>\n<p>\u269c\ufe0e Parduodami supakuoti dovan\u0173 d\u0117\u017eut\u0117je.<\/p>","protected":false},"excerpt":{"rendered":"<p>\u269c\ufe0e Sidabriniai auskarai su drugeliais. \u269c\ufe0e Pagaminti i\u0161 925 prabos sidabro, bendras svoris \u2013 5,4 g. Auskar\u0173 ilgis 36 mm.<\/p>","protected":false},"featured_media":37409,"template":"","meta":[],"product_brand":[],"product_cat":[123],"product_tag":[],"class_list":{"0":"post-37415","1":"product","2":"type-product","3":"status-publish","4":"has-post-thumbnail","6":"product_cat-auskarai","8":"first","9":"outofstock","10":"taxable","11":"shipping-taxable","12":"purchasable","13":"product-type-simple"},"jetpack_sharing_enabled":true,"_links":{"self":[{"href":"https:\/\/sventasmiskas.lt\/en\/wp-json\/wp\/v2\/product\/37415","targetHints":{"allow":["GET"]}}],"collection":[{"href":"https:\/\/sventasmiskas.lt\/en\/wp-json\/wp\/v2\/product"}],"about":[{"href":"https:\/\/sventasmiskas.lt\/en\/wp-json\/wp\/v2\/types\/product"}],"wp:featuredmedia":[{"embeddable":true,"href":"https:\/\/sventasmiskas.lt\/en\/wp-json\/wp\/v2\/media\/37409"}],"wp:attachment":[{"href":"https:\/\/sventasmiskas.lt\/en\/wp-json\/wp\/v2\/media?parent=37415"}],"wp:term":[{"taxonomy":"product_brand","embeddable":true,"href":"https:\/\/sventasmiskas.lt\/en\/wp-json\/wp\/v2\/product_brand?post=37415"},{"taxonomy":"product_cat","embeddable":true,"href":"https:\/\/sventasmiskas.lt\/en\/wp-json\/wp\/v2\/product_cat?post=37415"},{"taxonomy":"product_tag","embeddable":true,"href":"https:\/\/sventasmiskas.lt\/en\/wp-json\/wp\/v2\/product_tag?post=37415"}],"curies":[{"name":"wp","href":"https:\/\/api.w.org\/{rel}","templated":true}]}}