{"id":37408,"date":"2025-12-04T18:27:59","date_gmt":"2025-12-04T18:27:59","guid":{"rendered":"https:\/\/sventasmiskas.lt\/parduotuve\/tulzys-su-deimantu\/"},"modified":"2025-12-15T12:06:30","modified_gmt":"2025-12-15T12:06:30","slug":"tulzys-su-deimantu","status":"publish","type":"product","link":"https:\/\/sventasmiskas.lt\/en\/parduotuve\/tulzys-su-deimantu\/","title":{"rendered":"Tul\u017eys su deimantu"},"content":{"rendered":"<p>\u269c\ufe0e 585 prabos rausvo aukso auskarai, vaizduojantys du ma\u017eus pauk\u0161\u010dius laikan\u010dius deimantus.<\/p>\n<p>\u269c\ufe0e Kiekvieno pauk\u0161\u010dio snapelyje spindi laboratorinis deimantas (i\u0161 viso ~0,09 ct, yellowish green, VS).<\/p>\n<p>\u269c\ufe0e Auskar\u0173 svoris \u2013 2,52 g. Ilgis 15 mm.<\/p>\n<p>\u269c\ufe0e Prabuota Latvijos prabavimo r\u016bmuose, su oficialia etikete.<\/p>\n<p>\u269c\ufe0e Auskarai parduodami dovan\u0173 d\u0117\u017eut\u0117je.<\/p>","protected":false},"excerpt":{"rendered":"<p>\u269c\ufe0e 585 prabos rausvo aukso auskarai, vaizduojantys du ma\u017eus pauk\u0161\u010dius laikan\u010dius deimantus. \u269c\ufe0e Kiekvieno pauk\u0161\u010dio snapelyje spindi laboratorinis deimantas (i\u0161<\/p>","protected":false},"featured_media":37406,"template":"","meta":[],"product_brand":[],"product_cat":[123,221],"product_tag":[],"class_list":{"0":"post-37408","1":"product","2":"type-product","3":"status-publish","4":"has-post-thumbnail","6":"product_cat-auskarai","7":"product_cat-juvelyrika-is-aukso","9":"first","10":"outofstock","11":"taxable","12":"shipping-taxable","13":"purchasable","14":"product-type-simple"},"jetpack_sharing_enabled":true,"_links":{"self":[{"href":"https:\/\/sventasmiskas.lt\/en\/wp-json\/wp\/v2\/product\/37408","targetHints":{"allow":["GET"]}}],"collection":[{"href":"https:\/\/sventasmiskas.lt\/en\/wp-json\/wp\/v2\/product"}],"about":[{"href":"https:\/\/sventasmiskas.lt\/en\/wp-json\/wp\/v2\/types\/product"}],"wp:featuredmedia":[{"embeddable":true,"href":"https:\/\/sventasmiskas.lt\/en\/wp-json\/wp\/v2\/media\/37406"}],"wp:attachment":[{"href":"https:\/\/sventasmiskas.lt\/en\/wp-json\/wp\/v2\/media?parent=37408"}],"wp:term":[{"taxonomy":"product_brand","embeddable":true,"href":"https:\/\/sventasmiskas.lt\/en\/wp-json\/wp\/v2\/product_brand?post=37408"},{"taxonomy":"product_cat","embeddable":true,"href":"https:\/\/sventasmiskas.lt\/en\/wp-json\/wp\/v2\/product_cat?post=37408"},{"taxonomy":"product_tag","embeddable":true,"href":"https:\/\/sventasmiskas.lt\/en\/wp-json\/wp\/v2\/product_tag?post=37408"}],"curies":[{"name":"wp","href":"https:\/\/api.w.org\/{rel}","templated":true}]}}