{"id":37404,"date":"2025-12-04T14:56:54","date_gmt":"2025-12-04T14:56:54","guid":{"rendered":"https:\/\/sventasmiskas.lt\/parduotuve\/salnos\/"},"modified":"2025-12-04T14:57:12","modified_gmt":"2025-12-04T14:57:12","slug":"salnos","status":"publish","type":"product","link":"https:\/\/sventasmiskas.lt\/en\/parduotuve\/salnos\/","title":{"rendered":"\u0160alnos"},"content":{"rendered":"<p style=\"margin:0px0px20px;padding:0px;border:0px;vertical-align:baseline;font-style:normal;font-weight:400;line-height:inherit;font-family:Poppins,Arial,Helvetica,sans-serif;font-size:15px;color:rgb(118,118,118);letter-spacing:normal;text-transform:none;background-color:rgb(244,244,244);text-align:left\">\u269c Smulkus sidabro \u017eiedas su nat\u016braliu topazo akmeniu.<\/p>\n<p style=\"margin:0px0px20px;padding:0px;border:0px;vertical-align:baseline;font-style:normal;font-weight:400;line-height:inherit;font-family:Poppins,Arial,Helvetica,sans-serif;font-size:15px;color:rgb(118,118,118);letter-spacing:normal;text-transform:none;background-color:rgb(244,244,244);text-align:left\">\u269c \u0160io minimalistinio \u017eiedo dizainas primena spygliuo\u010dio augalo \u0161akel\u0119.<\/p>\n<p style=\"margin:0px0px20px;padding:0px;border:0px;vertical-align:baseline;font-style:normal;font-weight:400;line-height:inherit;font-family:Poppins,Arial,Helvetica,sans-serif;font-size:15px;color:rgb(118,118,118);letter-spacing:normal;text-transform:none;background-color:rgb(244,244,244);text-align:left\">\u269c Dydis 16,8. Esant poreikiui \u017eiedo dydis gali b\u016bti kei\u010diamas.<\/p>\n<p style=\"margin:0px0px20px;padding:0px;border:0px;vertical-align:baseline;font-style:normal;font-weight:400;line-height:inherit;font-family:Poppins,Arial,Helvetica,sans-serif;font-size:15px;color:rgb(118,118,118);letter-spacing:normal;text-transform:none;background-color:rgb(244,244,244);text-align:left\">\u269c Prabuota Latvijos prabavimo r\u016bmuose, sidabro praba 925, sveria 1,71 g.<\/p>\n<p style=\"margin:0px;padding:0px;border:0px;vertical-align:baseline;font-style:normal;font-weight:400;line-height:inherit;font-family:Poppins,Arial,Helvetica,sans-serif;font-size:15px;color:rgb(118,118,118);letter-spacing:normal;text-transform:none;background-color:rgb(244,244,244);text-align:left\">\u269c Papuo\u0161alas supakuotas dovan\u0173 d\u0117\u017eut\u0117je.<\/p>","protected":false},"excerpt":{"rendered":"<p>\u269c Smulkus sidabro \u017eiedas su nat\u016braliu topazo akmeniu. \u269c \u0160io minimalistinio \u017eiedo dizainas primena spygliuo\u010dio augalo \u0161akel\u0119. \u269c Dydis 16,8.<\/p>","protected":false},"featured_media":37402,"template":"","meta":[],"product_brand":[],"product_cat":[124],"product_tag":[],"class_list":{"0":"post-37404","1":"product","2":"type-product","3":"status-publish","4":"has-post-thumbnail","6":"product_cat-ziedai","8":"first","9":"instock","10":"taxable","11":"shipping-taxable","12":"purchasable","13":"product-type-simple"},"jetpack_sharing_enabled":true,"_links":{"self":[{"href":"https:\/\/sventasmiskas.lt\/en\/wp-json\/wp\/v2\/product\/37404","targetHints":{"allow":["GET"]}}],"collection":[{"href":"https:\/\/sventasmiskas.lt\/en\/wp-json\/wp\/v2\/product"}],"about":[{"href":"https:\/\/sventasmiskas.lt\/en\/wp-json\/wp\/v2\/types\/product"}],"wp:featuredmedia":[{"embeddable":true,"href":"https:\/\/sventasmiskas.lt\/en\/wp-json\/wp\/v2\/media\/37402"}],"wp:attachment":[{"href":"https:\/\/sventasmiskas.lt\/en\/wp-json\/wp\/v2\/media?parent=37404"}],"wp:term":[{"taxonomy":"product_brand","embeddable":true,"href":"https:\/\/sventasmiskas.lt\/en\/wp-json\/wp\/v2\/product_brand?post=37404"},{"taxonomy":"product_cat","embeddable":true,"href":"https:\/\/sventasmiskas.lt\/en\/wp-json\/wp\/v2\/product_cat?post=37404"},{"taxonomy":"product_tag","embeddable":true,"href":"https:\/\/sventasmiskas.lt\/en\/wp-json\/wp\/v2\/product_tag?post=37404"}],"curies":[{"name":"wp","href":"https:\/\/api.w.org\/{rel}","templated":true}]}}