{"id":37353,"date":"2025-12-01T18:31:10","date_gmt":"2025-12-01T18:31:10","guid":{"rendered":"https:\/\/sventasmiskas.lt\/parduotuve\/gelmiu-akys\/"},"modified":"2026-04-20T16:06:35","modified_gmt":"2026-04-20T16:06:35","slug":"gelmiu-akys","status":"publish","type":"product","link":"https:\/\/sventasmiskas.lt\/en\/parduotuve\/gelmiu-akys\/","title":{"rendered":"Gelmi\u0173 akys"},"content":{"rendered":"<p>\u269c Vienetinis balto aukso pakabukas su unikaliu berckwerk \u0161lifavimo topazu ir trimis deimantais.<\/p>\n<p>\u269c Deimantai: 2 nat\u016bral\u016bs deimantai \u2013 Round Brilliant Cut (57 briaun\u0173), bendras svoris ~0,03 ct, spalva RW\u2013RW+, skaidrumas VS. ir 1 laboratorijoje i\u0161augintas deimantas \u2013 Round Brilliant Cut (57 briaun\u0173), svoris ~0,015 ct, spalva EW\u2013RW+, skaidrumas VS.<\/p>\n<p>\u269c Organinis dizainas primena koralus, kuri\u0173 centre \u2013 \u0161vies\u0105 lau\u017eantis kristalini\u0173 strukt\u016br\u0173 topazas.<\/p>\n<p>\u269c Praba 585, svoris 2,63 g. Parduodamas kartu su grandin\u0117le, grandin\u0117l\u0117s ilgis 50 cm.<\/p>\n<p>\u269c Prabuota Latvijos prabavimo r\u016bmuose, su oficialia etikete.<\/p>\n<p>\u269c Papuo\u0161alas parduodamas supakuotas dovan\u0173 d\u0117\u017eut\u0117je.<\/p>","protected":false},"excerpt":{"rendered":"<p>\u269c Vienetinis balto aukso pakabukas su unikaliu berckwerk \u0161lifavimo topazu ir trimis deimantais. \u269c Deimantai: 2 nat\u016bral\u016bs deimantai \u2013 Round<\/p>","protected":false},"featured_media":37470,"template":"","meta":[],"product_brand":[],"product_cat":[221,125],"product_tag":[],"class_list":{"0":"post-37353","1":"product","2":"type-product","3":"status-publish","4":"has-post-thumbnail","6":"product_cat-juvelyrika-is-aukso","7":"product_cat-kaklo-papuosalai","9":"first","10":"outofstock","11":"taxable","12":"shipping-taxable","13":"purchasable","14":"product-type-simple"},"jetpack_sharing_enabled":true,"_links":{"self":[{"href":"https:\/\/sventasmiskas.lt\/en\/wp-json\/wp\/v2\/product\/37353","targetHints":{"allow":["GET"]}}],"collection":[{"href":"https:\/\/sventasmiskas.lt\/en\/wp-json\/wp\/v2\/product"}],"about":[{"href":"https:\/\/sventasmiskas.lt\/en\/wp-json\/wp\/v2\/types\/product"}],"wp:featuredmedia":[{"embeddable":true,"href":"https:\/\/sventasmiskas.lt\/en\/wp-json\/wp\/v2\/media\/37470"}],"wp:attachment":[{"href":"https:\/\/sventasmiskas.lt\/en\/wp-json\/wp\/v2\/media?parent=37353"}],"wp:term":[{"taxonomy":"product_brand","embeddable":true,"href":"https:\/\/sventasmiskas.lt\/en\/wp-json\/wp\/v2\/product_brand?post=37353"},{"taxonomy":"product_cat","embeddable":true,"href":"https:\/\/sventasmiskas.lt\/en\/wp-json\/wp\/v2\/product_cat?post=37353"},{"taxonomy":"product_tag","embeddable":true,"href":"https:\/\/sventasmiskas.lt\/en\/wp-json\/wp\/v2\/product_tag?post=37353"}],"curies":[{"name":"wp","href":"https:\/\/api.w.org\/{rel}","templated":true}]}}