{"id":37346,"date":"2025-12-01T18:16:12","date_gmt":"2025-12-01T18:16:12","guid":{"rendered":"https:\/\/sventasmiskas.lt\/parduotuve\/juros-sirdis\/"},"modified":"2026-04-20T16:06:22","modified_gmt":"2026-04-20T16:06:22","slug":"juros-sirdis","status":"publish","type":"product","link":"https:\/\/sventasmiskas.lt\/en\/parduotuve\/juros-sirdis\/","title":{"rendered":"J\u016bros \u0161irdis"},"content":{"rendered":"<p>\u269c\ufe0e 585 prabos rausvo aukso pakabukas su grandin\u0117le, kuriame geometrinis Berckwerk \u0161lifavimo ro\u017einio kvarco akmuo susilieja su organi\u0161komis gamtos formomis.<\/p>\n<p>\u269c\ufe0e Akmen\u012f juosia rankomis sukurta koral\u0173 kar\u016bna \u2013 subtilus, bet i\u0161rai\u0161kingas akcentas, atskleid\u017eiantis unikal\u0173 papuo\u0161alo charakter\u012f.<\/p>\n<p>\u269c\ufe0e Bendras svoris \u2013 5,51 g. Parduodamas kartu su grandin\u0117le, grandin\u0117l\u0117s ilgis 45 cm.<\/p>\n<p>\u269c\ufe0e Papuo\u0161alas prabuotas Latvijos prabavimo r\u016bmuose.<\/p>\n<p>\u269c\ufe0e Parduodamas supakuotas dovan\u0173 d\u0117\u017eut\u0117je.<\/p>","protected":false},"excerpt":{"rendered":"<p>\u269c\ufe0e 585 prabos rausvo aukso pakabukas su grandin\u0117le, kuriame geometrinis Berckwerk \u0161lifavimo ro\u017einio kvarco akmuo susilieja su organi\u0161komis gamtos formomis.<\/p>","protected":false},"featured_media":37405,"template":"","meta":[],"product_brand":[],"product_cat":[221,125],"product_tag":[],"class_list":{"0":"post-37346","1":"product","2":"type-product","3":"status-publish","4":"has-post-thumbnail","6":"product_cat-juvelyrika-is-aukso","7":"product_cat-kaklo-papuosalai","9":"first","10":"outofstock","11":"taxable","12":"shipping-taxable","13":"purchasable","14":"product-type-simple"},"jetpack_sharing_enabled":true,"_links":{"self":[{"href":"https:\/\/sventasmiskas.lt\/en\/wp-json\/wp\/v2\/product\/37346","targetHints":{"allow":["GET"]}}],"collection":[{"href":"https:\/\/sventasmiskas.lt\/en\/wp-json\/wp\/v2\/product"}],"about":[{"href":"https:\/\/sventasmiskas.lt\/en\/wp-json\/wp\/v2\/types\/product"}],"wp:featuredmedia":[{"embeddable":true,"href":"https:\/\/sventasmiskas.lt\/en\/wp-json\/wp\/v2\/media\/37405"}],"wp:attachment":[{"href":"https:\/\/sventasmiskas.lt\/en\/wp-json\/wp\/v2\/media?parent=37346"}],"wp:term":[{"taxonomy":"product_brand","embeddable":true,"href":"https:\/\/sventasmiskas.lt\/en\/wp-json\/wp\/v2\/product_brand?post=37346"},{"taxonomy":"product_cat","embeddable":true,"href":"https:\/\/sventasmiskas.lt\/en\/wp-json\/wp\/v2\/product_cat?post=37346"},{"taxonomy":"product_tag","embeddable":true,"href":"https:\/\/sventasmiskas.lt\/en\/wp-json\/wp\/v2\/product_tag?post=37346"}],"curies":[{"name":"wp","href":"https:\/\/api.w.org\/{rel}","templated":true}]}}