{"id":37304,"date":"2025-11-12T13:02:08","date_gmt":"2025-11-12T13:02:08","guid":{"rendered":"https:\/\/sventasmiskas.lt\/parduotuve\/ranku-darbo-medine-dezute\/"},"modified":"2025-11-12T13:02:08","modified_gmt":"2025-11-12T13:02:08","slug":"ranku-darbo-medine-dezute","status":"publish","type":"product","link":"https:\/\/sventasmiskas.lt\/en\/parduotuve\/ranku-darbo-medine-dezute\/","title":{"rendered":"Handmade wooden box"},"content":{"rendered":"<p>Medin\u0117 d\u0117\u017eut\u0117 skirta laikyti papuo\u0161alus. Kadangi d\u0117\u017eut\u0117s rank\u0173 darbo ir i\u0161 nat\u016bralaus med\u017eio, gali \u0161iek tiek skirtis nuo esan\u010dios nuotraukoje.<\/p>","protected":false},"excerpt":{"rendered":"<p>Medin\u0117 d\u0117\u017eut\u0117 skirta laikyti papuo\u0161alus. Kadangi d\u0117\u017eut\u0117s rank\u0173 darbo ir i\u0161 nat\u016bralaus med\u017eio, gali \u0161iek tiek skirtis nuo esan\u010dios nuotraukoje.<\/p>","protected":false},"featured_media":37300,"template":"","meta":[],"product_brand":[],"product_cat":[21],"product_tag":[],"class_list":{"0":"post-37304","1":"product","2":"type-product","3":"status-publish","4":"has-post-thumbnail","6":"product_cat-no-category","8":"first","9":"instock","10":"taxable","11":"shipping-taxable","12":"purchasable","13":"product-type-simple"},"jetpack_sharing_enabled":true,"_links":{"self":[{"href":"https:\/\/sventasmiskas.lt\/en\/wp-json\/wp\/v2\/product\/37304","targetHints":{"allow":["GET"]}}],"collection":[{"href":"https:\/\/sventasmiskas.lt\/en\/wp-json\/wp\/v2\/product"}],"about":[{"href":"https:\/\/sventasmiskas.lt\/en\/wp-json\/wp\/v2\/types\/product"}],"wp:featuredmedia":[{"embeddable":true,"href":"https:\/\/sventasmiskas.lt\/en\/wp-json\/wp\/v2\/media\/37300"}],"wp:attachment":[{"href":"https:\/\/sventasmiskas.lt\/en\/wp-json\/wp\/v2\/media?parent=37304"}],"wp:term":[{"taxonomy":"product_brand","embeddable":true,"href":"https:\/\/sventasmiskas.lt\/en\/wp-json\/wp\/v2\/product_brand?post=37304"},{"taxonomy":"product_cat","embeddable":true,"href":"https:\/\/sventasmiskas.lt\/en\/wp-json\/wp\/v2\/product_cat?post=37304"},{"taxonomy":"product_tag","embeddable":true,"href":"https:\/\/sventasmiskas.lt\/en\/wp-json\/wp\/v2\/product_tag?post=37304"}],"curies":[{"name":"wp","href":"https:\/\/api.w.org\/{rel}","templated":true}]}}