{"id":37289,"date":"2025-11-07T11:50:04","date_gmt":"2025-11-07T11:50:04","guid":{"rendered":"https:\/\/sventasmiskas.lt\/?post_type=product&#038;p=37289"},"modified":"2026-01-12T12:59:30","modified_gmt":"2026-01-12T12:59:30","slug":"snaige-15c-2","status":"publish","type":"product","link":"https:\/\/sventasmiskas.lt\/en\/parduotuve\/snaige-15c-2\/","title":{"rendered":"Snaig\u0117 -15\u00b0C"},"content":{"rendered":"<p>\u269c\ufe0e Sidabrinis pakabukas, \u012fam\u017einantis trap\u0173 \u017eiemos k\u016brin\u012f \u2013 snaig\u0119.<\/p>\n<p>\u269c\ufe0e Pagamintas i\u0161 925 prabos sidabro, svoris \u2013 1,92 g. Papuo\u0161alo ilgis 24 mm.<\/p>\n<p>\u269c\ufe0e Prabuota Latvijos prabavimo r\u016bmuose.<\/p>\n<p>\u269c\ufe0e Galima pirkti su grandin\u0117le arba be jos. Parduodamas supakuota dovan\u0173 d\u0117\u017eut\u0117je.<\/p>","protected":false},"excerpt":{"rendered":"<p>\u269c\ufe0e Sidabrinis pakabukas, \u012fam\u017einantis trap\u0173 \u017eiemos k\u016brin\u012f \u2013 snaig\u0119. \u269c\ufe0e Pagamintas i\u0161 925 prabos sidabro, svoris \u2013 1,92 g. Papuo\u0161alo<\/p>","protected":false},"featured_media":37272,"template":"","meta":[],"product_brand":[],"product_cat":[21,125],"product_tag":[],"class_list":{"0":"post-37289","1":"product","2":"type-product","3":"status-publish","4":"has-post-thumbnail","6":"product_cat-no-category","7":"product_cat-kaklo-papuosalai","9":"first","10":"outofstock","11":"taxable","12":"shipping-taxable","13":"purchasable","14":"product-type-variable"},"jetpack_sharing_enabled":true,"_links":{"self":[{"href":"https:\/\/sventasmiskas.lt\/en\/wp-json\/wp\/v2\/product\/37289","targetHints":{"allow":["GET"]}}],"collection":[{"href":"https:\/\/sventasmiskas.lt\/en\/wp-json\/wp\/v2\/product"}],"about":[{"href":"https:\/\/sventasmiskas.lt\/en\/wp-json\/wp\/v2\/types\/product"}],"wp:featuredmedia":[{"embeddable":true,"href":"https:\/\/sventasmiskas.lt\/en\/wp-json\/wp\/v2\/media\/37272"}],"wp:attachment":[{"href":"https:\/\/sventasmiskas.lt\/en\/wp-json\/wp\/v2\/media?parent=37289"}],"wp:term":[{"taxonomy":"product_brand","embeddable":true,"href":"https:\/\/sventasmiskas.lt\/en\/wp-json\/wp\/v2\/product_brand?post=37289"},{"taxonomy":"product_cat","embeddable":true,"href":"https:\/\/sventasmiskas.lt\/en\/wp-json\/wp\/v2\/product_cat?post=37289"},{"taxonomy":"product_tag","embeddable":true,"href":"https:\/\/sventasmiskas.lt\/en\/wp-json\/wp\/v2\/product_tag?post=37289"}],"curies":[{"name":"wp","href":"https:\/\/api.w.org\/{rel}","templated":true}]}}