{"id":37286,"date":"2025-11-07T11:46:57","date_gmt":"2025-11-07T11:46:57","guid":{"rendered":"https:\/\/sventasmiskas.lt\/?post_type=product&#038;p=37286"},"modified":"2025-12-03T07:19:41","modified_gmt":"2025-12-03T07:19:41","slug":"juros-lasas","status":"publish","type":"product","link":"https:\/\/sventasmiskas.lt\/en\/parduotuve\/juros-lasas\/","title":{"rendered":"J\u016bros la\u0161as"},"content":{"rendered":"<p>\u269c\ufe0e Tamsinto sidabro vienetinis pakabukas, \u012fkv\u0117ptas paslaptingos vandens stichijos galios.<\/p>\n<p>\u269c\ufe0e Centre \u2013 nat\u016bralus akvamarinas, spindintis \u0161viesiai m\u0117lyna \u0161viesa. Vir\u0161 jo \u2013 laboratorinis deimantas (~0,08 ct, E\u2013RW+, SI2).<\/p>\n<p>\u269c\ufe0e Pagamintas i\u0161 925 prabos sidabro, svoris \u2013 5,16 g. Pakabuko ilgis 37 mm.<\/p>\n<p>\u269c\ufe0e Pakabuko fakt\u016bra primena j\u016bros nugludint\u0105 \u0161ak\u0105 ar koral\u0105 \u2013 organi\u0161k\u0105 ir gamti\u0161k\u0105.<\/p>\n<p>\u269c\ufe0e Prabuota Latvijos prabavimo r\u016bmuose.<\/p>\n<p>\u269c\ufe0e Parduodamas supakuotas dovan\u0173 d\u0117\u017eut\u0117je.<\/p>","protected":false},"excerpt":{"rendered":"<p>\u269c\ufe0e Tamsinto sidabro vienetinis pakabukas, \u012fkv\u0117ptas paslaptingos vandens stichijos galios. \u269c\ufe0e Centre \u2013 nat\u016bralus akvamarinas, spindintis \u0161viesiai m\u0117lyna \u0161viesa. Vir\u0161<\/p>","protected":false},"featured_media":37281,"template":"","meta":[],"product_brand":[],"product_cat":[21,125],"product_tag":[],"class_list":{"0":"post-37286","1":"product","2":"type-product","3":"status-publish","4":"has-post-thumbnail","6":"product_cat-no-category","7":"product_cat-kaklo-papuosalai","9":"first","10":"instock","11":"taxable","12":"shipping-taxable","13":"purchasable","14":"product-type-variable"},"jetpack_sharing_enabled":true,"_links":{"self":[{"href":"https:\/\/sventasmiskas.lt\/en\/wp-json\/wp\/v2\/product\/37286","targetHints":{"allow":["GET"]}}],"collection":[{"href":"https:\/\/sventasmiskas.lt\/en\/wp-json\/wp\/v2\/product"}],"about":[{"href":"https:\/\/sventasmiskas.lt\/en\/wp-json\/wp\/v2\/types\/product"}],"wp:featuredmedia":[{"embeddable":true,"href":"https:\/\/sventasmiskas.lt\/en\/wp-json\/wp\/v2\/media\/37281"}],"wp:attachment":[{"href":"https:\/\/sventasmiskas.lt\/en\/wp-json\/wp\/v2\/media?parent=37286"}],"wp:term":[{"taxonomy":"product_brand","embeddable":true,"href":"https:\/\/sventasmiskas.lt\/en\/wp-json\/wp\/v2\/product_brand?post=37286"},{"taxonomy":"product_cat","embeddable":true,"href":"https:\/\/sventasmiskas.lt\/en\/wp-json\/wp\/v2\/product_cat?post=37286"},{"taxonomy":"product_tag","embeddable":true,"href":"https:\/\/sventasmiskas.lt\/en\/wp-json\/wp\/v2\/product_tag?post=37286"}],"curies":[{"name":"wp","href":"https:\/\/api.w.org\/{rel}","templated":true}]}}