{"id":37278,"date":"2025-11-07T11:32:02","date_gmt":"2025-11-07T11:32:02","guid":{"rendered":"https:\/\/sventasmiskas.lt\/?post_type=product&#038;p=37278"},"modified":"2025-12-01T17:28:31","modified_gmt":"2025-12-01T17:28:31","slug":"veneros-spindulys","status":"publish","type":"product","link":"https:\/\/sventasmiskas.lt\/en\/parduotuve\/veneros-spindulys\/","title":{"rendered":"Veneros spindulys"},"content":{"rendered":"<p>\u269c\ufe0e Vienetinis sidabrinis pakabukas, \u012fkv\u0117ptas meil\u0117s ir \u0161viesos deiv\u0117s Veneros.<\/p>\n<p>\u269c\ufe0e Centre \u2013 levandinis kvarcas, vadinamas meil\u0117s akmeniu, simbolizuojantis \u0161velnum\u0105, ramyb\u0119 ir vidin\u0119 harmonij\u0105.<\/p>\n<p>\u269c\ufe0e Vir\u0161 jo spindi laboratorinis deimantas (~0,08 ct, E\u2013RW+, SI2), tarsi ma\u017eas \u017evaig\u017ed\u0117s ta\u0161kas.<\/p>\n<p>\u269c\ufe0e Pagamintas i\u0161 925 prabos sidabro, svoris \u2013 2,83 g.<\/p>\n<p>\u269c\ufe0e Prabuota Latvijos prabavimo r\u016bmuose, su oficialia etikete.<\/p>\n<p>\u269c\ufe0e Parduodamas supakuotas dovan\u0173 d\u0117\u017eut\u0117je.<\/p>","protected":false},"excerpt":{"rendered":"<p>\u269c\ufe0e Vienetinis sidabrinis pakabukas, \u012fkv\u0117ptas meil\u0117s ir \u0161viesos deiv\u0117s Veneros. \u269c\ufe0e Centre \u2013 levandinis kvarcas, vadinamas meil\u0117s akmeniu, simbolizuojantis \u0161velnum\u0105,<\/p>","protected":false},"featured_media":37276,"template":"","meta":[],"product_brand":[],"product_cat":[21,125],"product_tag":[],"class_list":{"0":"post-37278","1":"product","2":"type-product","3":"status-publish","4":"has-post-thumbnail","6":"product_cat-no-category","7":"product_cat-kaklo-papuosalai","9":"first","10":"instock","11":"taxable","12":"shipping-taxable","13":"purchasable","14":"product-type-variable"},"jetpack_sharing_enabled":true,"_links":{"self":[{"href":"https:\/\/sventasmiskas.lt\/en\/wp-json\/wp\/v2\/product\/37278","targetHints":{"allow":["GET"]}}],"collection":[{"href":"https:\/\/sventasmiskas.lt\/en\/wp-json\/wp\/v2\/product"}],"about":[{"href":"https:\/\/sventasmiskas.lt\/en\/wp-json\/wp\/v2\/types\/product"}],"wp:featuredmedia":[{"embeddable":true,"href":"https:\/\/sventasmiskas.lt\/en\/wp-json\/wp\/v2\/media\/37276"}],"wp:attachment":[{"href":"https:\/\/sventasmiskas.lt\/en\/wp-json\/wp\/v2\/media?parent=37278"}],"wp:term":[{"taxonomy":"product_brand","embeddable":true,"href":"https:\/\/sventasmiskas.lt\/en\/wp-json\/wp\/v2\/product_brand?post=37278"},{"taxonomy":"product_cat","embeddable":true,"href":"https:\/\/sventasmiskas.lt\/en\/wp-json\/wp\/v2\/product_cat?post=37278"},{"taxonomy":"product_tag","embeddable":true,"href":"https:\/\/sventasmiskas.lt\/en\/wp-json\/wp\/v2\/product_tag?post=37278"}],"curies":[{"name":"wp","href":"https:\/\/api.w.org\/{rel}","templated":true}]}}