{"id":37254,"date":"2025-11-07T10:40:37","date_gmt":"2025-11-07T10:40:37","guid":{"rendered":"https:\/\/sventasmiskas.lt\/parduotuve\/ledo-koralai\/"},"modified":"2025-12-01T17:18:10","modified_gmt":"2025-12-01T17:18:10","slug":"ledo-koralai","status":"publish","type":"product","link":"https:\/\/sventasmiskas.lt\/en\/parduotuve\/ledo-koralai\/","title":{"rendered":"Ledo koralai"},"content":{"rendered":"<p>\u269c\ufe0e Vienetiniai sidabriniai auskarai, \u012fkv\u0117pti j\u016bros gelmi\u0173 ir ledo strukt\u016br\u0173.<\/p>\n<p>\u269c\ufe0e Apa\u010dioje \u2013 du m\u0117lyni la\u0161o formos apatitai.<\/p>\n<p>\u269c\ufe0e Pagaminti i\u0161 925 prabos sidabro, bendras svoris \u2013 4,04 g. Auskar\u0173 ilgis 22 mm.<\/p>\n<p>\u269c\ufe0e Prabuota Latvijos prabavimo r\u016bmuose.<\/p>\n<p>\u269c\ufe0e Parduodami supakuoti dovan\u0173 d\u0117\u017eut\u0117je.<\/p>","protected":false},"excerpt":{"rendered":"<p>\u269c\ufe0e Vienetiniai sidabriniai auskarai, \u012fkv\u0117pti j\u016bros gelmi\u0173 ir ledo strukt\u016br\u0173. \u269c\ufe0e Apa\u010dioje \u2013 du m\u0117lyni la\u0161o formos apatitai. \u269c\ufe0e Pagaminti<\/p>","protected":false},"featured_media":37253,"template":"","meta":[],"product_brand":[],"product_cat":[123],"product_tag":[],"class_list":{"0":"post-37254","1":"product","2":"type-product","3":"status-publish","4":"has-post-thumbnail","6":"product_cat-auskarai","8":"first","9":"instock","10":"taxable","11":"shipping-taxable","12":"purchasable","13":"product-type-simple"},"jetpack_sharing_enabled":true,"_links":{"self":[{"href":"https:\/\/sventasmiskas.lt\/en\/wp-json\/wp\/v2\/product\/37254","targetHints":{"allow":["GET"]}}],"collection":[{"href":"https:\/\/sventasmiskas.lt\/en\/wp-json\/wp\/v2\/product"}],"about":[{"href":"https:\/\/sventasmiskas.lt\/en\/wp-json\/wp\/v2\/types\/product"}],"wp:featuredmedia":[{"embeddable":true,"href":"https:\/\/sventasmiskas.lt\/en\/wp-json\/wp\/v2\/media\/37253"}],"wp:attachment":[{"href":"https:\/\/sventasmiskas.lt\/en\/wp-json\/wp\/v2\/media?parent=37254"}],"wp:term":[{"taxonomy":"product_brand","embeddable":true,"href":"https:\/\/sventasmiskas.lt\/en\/wp-json\/wp\/v2\/product_brand?post=37254"},{"taxonomy":"product_cat","embeddable":true,"href":"https:\/\/sventasmiskas.lt\/en\/wp-json\/wp\/v2\/product_cat?post=37254"},{"taxonomy":"product_tag","embeddable":true,"href":"https:\/\/sventasmiskas.lt\/en\/wp-json\/wp\/v2\/product_tag?post=37254"}],"curies":[{"name":"wp","href":"https:\/\/api.w.org\/{rel}","templated":true}]}}