{"id":37252,"date":"2025-11-07T10:23:28","date_gmt":"2025-11-07T10:23:28","guid":{"rendered":"https:\/\/sventasmiskas.lt\/parduotuve\/sirenos-daina\/"},"modified":"2025-12-03T17:55:07","modified_gmt":"2025-12-03T17:55:07","slug":"sirenos-daina","status":"publish","type":"product","link":"https:\/\/sventasmiskas.lt\/en\/parduotuve\/sirenos-daina\/","title":{"rendered":"Sirenos daina"},"content":{"rendered":"<p>\u269c\ufe0e Sidabriniai auskarai, \u012fkv\u0117pti j\u016bros. Kriaukl\u0117s formos vir\u0161us ir melsvai \u0161vytintys labradoritai primena vandens \u0161viesos \u017eaism\u0105 j\u016bros gelm\u0117je.<\/p>\n<p>\u269c\ufe0e Pagaminti i\u0161 925 prabos sidabro, bendras svoris \u2013 4,17 g. Auskar\u0173 ilgis 22 mm.<\/p>\n<p>\u269c\ufe0e Prabuota Latvijos prabavimo r\u016bmuose.<\/p>\n<p>\u269c\ufe0e Parduodami supakuoti dovan\u0173 d\u0117\u017eut\u0117je.<\/p>","protected":false},"excerpt":{"rendered":"<p>\u269c\ufe0e Sidabriniai auskarai, \u012fkv\u0117pti j\u016bros. Kriaukl\u0117s formos vir\u0161us ir melsvai \u0161vytintys labradoritai primena vandens \u0161viesos \u017eaism\u0105 j\u016bros gelm\u0117je. \u269c\ufe0e Pagaminti<\/p>","protected":false},"featured_media":37249,"template":"","meta":[],"product_brand":[],"product_cat":[123],"product_tag":[],"class_list":{"0":"post-37252","1":"product","2":"type-product","3":"status-publish","4":"has-post-thumbnail","6":"product_cat-auskarai","8":"first","9":"instock","10":"taxable","11":"shipping-taxable","12":"purchasable","13":"product-type-simple"},"jetpack_sharing_enabled":true,"_links":{"self":[{"href":"https:\/\/sventasmiskas.lt\/en\/wp-json\/wp\/v2\/product\/37252","targetHints":{"allow":["GET"]}}],"collection":[{"href":"https:\/\/sventasmiskas.lt\/en\/wp-json\/wp\/v2\/product"}],"about":[{"href":"https:\/\/sventasmiskas.lt\/en\/wp-json\/wp\/v2\/types\/product"}],"wp:featuredmedia":[{"embeddable":true,"href":"https:\/\/sventasmiskas.lt\/en\/wp-json\/wp\/v2\/media\/37249"}],"wp:attachment":[{"href":"https:\/\/sventasmiskas.lt\/en\/wp-json\/wp\/v2\/media?parent=37252"}],"wp:term":[{"taxonomy":"product_brand","embeddable":true,"href":"https:\/\/sventasmiskas.lt\/en\/wp-json\/wp\/v2\/product_brand?post=37252"},{"taxonomy":"product_cat","embeddable":true,"href":"https:\/\/sventasmiskas.lt\/en\/wp-json\/wp\/v2\/product_cat?post=37252"},{"taxonomy":"product_tag","embeddable":true,"href":"https:\/\/sventasmiskas.lt\/en\/wp-json\/wp\/v2\/product_tag?post=37252"}],"curies":[{"name":"wp","href":"https:\/\/api.w.org\/{rel}","templated":true}]}}