{"id":37246,"date":"2025-11-07T10:08:25","date_gmt":"2025-11-07T10:08:25","guid":{"rendered":"https:\/\/sventasmiskas.lt\/parduotuve\/zalioji-karuna\/"},"modified":"2025-12-02T18:53:58","modified_gmt":"2025-12-02T18:53:58","slug":"zalioji-karuna","status":"publish","type":"product","link":"https:\/\/sventasmiskas.lt\/en\/parduotuve\/zalioji-karuna\/","title":{"rendered":"\u017dalioji kar\u016bna"},"content":{"rendered":"<p>\u269c\ufe0e Vienetiniai sidabriniai auskarai su \u0161akeli\u0173 ir lapeli\u0173 pynimu, primenan\u010diu mi\u0161ko vainik\u0105 \u2013 gyvyb\u0117s ir atgimimo simbol\u012f.<\/p>\n<p>\u269c\ufe0e Centre \u2013 du \u017eali peridotai, \u0161onuose, tarp lapeli\u0173 yra \u012fd\u0117ti 6 nedideli moisonitai.<\/p>\n<p>\u269c\ufe0e Pagaminti i\u0161 925 prabos sidabro, bendras svoris \u2013 6,7 g.<\/p>\n<p>\u269c\ufe0e Prabuota Latvijos prabavimo r\u016bmuose.<\/p>\n<p>\u269c\ufe0e Parduodami dovan\u0173 d\u0117\u017eut\u0117je.<\/p>","protected":false},"excerpt":{"rendered":"<p>\u269c\ufe0e Vienetiniai sidabriniai auskarai su \u0161akeli\u0173 ir lapeli\u0173 pynimu, primenan\u010diu mi\u0161ko vainik\u0105 \u2013 gyvyb\u0117s ir atgimimo simbol\u012f. \u269c\ufe0e Centre \u2013<\/p>","protected":false},"featured_media":37243,"template":"","meta":[],"product_brand":[],"product_cat":[123],"product_tag":[],"class_list":{"0":"post-37246","1":"product","2":"type-product","3":"status-publish","4":"has-post-thumbnail","6":"product_cat-auskarai","8":"first","9":"instock","10":"taxable","11":"shipping-taxable","12":"purchasable","13":"product-type-simple"},"jetpack_sharing_enabled":true,"_links":{"self":[{"href":"https:\/\/sventasmiskas.lt\/en\/wp-json\/wp\/v2\/product\/37246","targetHints":{"allow":["GET"]}}],"collection":[{"href":"https:\/\/sventasmiskas.lt\/en\/wp-json\/wp\/v2\/product"}],"about":[{"href":"https:\/\/sventasmiskas.lt\/en\/wp-json\/wp\/v2\/types\/product"}],"wp:featuredmedia":[{"embeddable":true,"href":"https:\/\/sventasmiskas.lt\/en\/wp-json\/wp\/v2\/media\/37243"}],"wp:attachment":[{"href":"https:\/\/sventasmiskas.lt\/en\/wp-json\/wp\/v2\/media?parent=37246"}],"wp:term":[{"taxonomy":"product_brand","embeddable":true,"href":"https:\/\/sventasmiskas.lt\/en\/wp-json\/wp\/v2\/product_brand?post=37246"},{"taxonomy":"product_cat","embeddable":true,"href":"https:\/\/sventasmiskas.lt\/en\/wp-json\/wp\/v2\/product_cat?post=37246"},{"taxonomy":"product_tag","embeddable":true,"href":"https:\/\/sventasmiskas.lt\/en\/wp-json\/wp\/v2\/product_tag?post=37246"}],"curies":[{"name":"wp","href":"https:\/\/api.w.org\/{rel}","templated":true}]}}