{"id":37241,"date":"2025-11-07T09:56:07","date_gmt":"2025-11-07T09:56:07","guid":{"rendered":"https:\/\/sventasmiskas.lt\/parduotuve\/misko-snabzdesys\/"},"modified":"2025-12-05T13:40:02","modified_gmt":"2025-12-05T13:40:02","slug":"misko-snabzdesys","status":"publish","type":"product","link":"https:\/\/sventasmiskas.lt\/en\/parduotuve\/misko-snabzdesys\/","title":{"rendered":"Mi\u0161ko \u0161nab\u017edesys"},"content":{"rendered":"<p>\u269c\ufe0e Botaniniai auksiniai asimetri\u0161ki auskarai su nat\u016braliais deimantais.<\/p>\n<p>\u269c\ufe0e Kiekviename auskare \u2013 po vien\u0105 deimant\u0105 (viso ~0,04 ct, RW\u2013W, SI1).<\/p>\n<p>\u269c\ufe0e Pagaminti i\u0161 585 prabos rausvo aukso, bendras svoris \u2013 1,88 g.<\/p>\n<p>\u269c\ufe0e Prabuota Latvijos prabavimo r\u016bmuose, su oficialia etikete.<\/p>\n<p>\u269c\ufe0e Parduodami supakuoti dovan\u0173 d\u0117\u017eut\u0117je.<\/p>","protected":false},"excerpt":{"rendered":"<p>\u269c\ufe0e Botaniniai auksiniai asimetri\u0161ki auskarai su nat\u016braliais deimantais. \u269c\ufe0e Kiekviename auskare \u2013 po vien\u0105 deimant\u0105 (viso ~0,04 ct, RW\u2013W, SI1).<\/p>","protected":false},"featured_media":37234,"template":"","meta":[],"product_brand":[],"product_cat":[123,221],"product_tag":[],"class_list":{"0":"post-37241","1":"product","2":"type-product","3":"status-publish","4":"has-post-thumbnail","6":"product_cat-auskarai","7":"product_cat-juvelyrika-is-aukso","9":"first","10":"instock","11":"taxable","12":"shipping-taxable","13":"purchasable","14":"product-type-simple"},"jetpack_sharing_enabled":true,"_links":{"self":[{"href":"https:\/\/sventasmiskas.lt\/en\/wp-json\/wp\/v2\/product\/37241","targetHints":{"allow":["GET"]}}],"collection":[{"href":"https:\/\/sventasmiskas.lt\/en\/wp-json\/wp\/v2\/product"}],"about":[{"href":"https:\/\/sventasmiskas.lt\/en\/wp-json\/wp\/v2\/types\/product"}],"wp:featuredmedia":[{"embeddable":true,"href":"https:\/\/sventasmiskas.lt\/en\/wp-json\/wp\/v2\/media\/37234"}],"wp:attachment":[{"href":"https:\/\/sventasmiskas.lt\/en\/wp-json\/wp\/v2\/media?parent=37241"}],"wp:term":[{"taxonomy":"product_brand","embeddable":true,"href":"https:\/\/sventasmiskas.lt\/en\/wp-json\/wp\/v2\/product_brand?post=37241"},{"taxonomy":"product_cat","embeddable":true,"href":"https:\/\/sventasmiskas.lt\/en\/wp-json\/wp\/v2\/product_cat?post=37241"},{"taxonomy":"product_tag","embeddable":true,"href":"https:\/\/sventasmiskas.lt\/en\/wp-json\/wp\/v2\/product_tag?post=37241"}],"curies":[{"name":"wp","href":"https:\/\/api.w.org\/{rel}","templated":true}]}}