{"id":37233,"date":"2025-11-07T09:41:27","date_gmt":"2025-11-07T09:41:27","guid":{"rendered":"https:\/\/sventasmiskas.lt\/parduotuve\/serksno-gele\/"},"modified":"2026-01-14T17:00:27","modified_gmt":"2026-01-14T17:00:27","slug":"serksno-gele","status":"publish","type":"product","link":"https:\/\/sventasmiskas.lt\/en\/parduotuve\/serksno-gele\/","title":{"rendered":"\u0160erk\u0161no g\u0117l\u0117"},"content":{"rendered":"<p>\u269c\ufe0e Sidabrinis \u017eiedas su subtilia gamtos fakt\u016bra, \u012fr\u0117minantis m\u0117lyn\u0105 \/ violetin\u012f safyr\u0105.<\/p>\n<p>\u269c\ufe0e Centre \u2013 nat\u016bralus safyras (~0,70 ct, oval mix cut, Bv 4\/2 P1).<\/p>\n<p>\u269c\ufe0e Pagamintas i\u0161 925 prabos sidabro, svoris \u2013 1,82 g.<\/p>\n<p>\u269c\ufe0e Prabuota Latvijos prabavimo r\u016bmuose, su oficialia etikete.<\/p>\n<p>\u269c\ufe0e \u017diedo dydis 17,5. Gali b\u016bti koreguojamas pagal pageidavim\u0105.<\/p>\n<p>\u269c\ufe0e Parduodamas supakuotas dovan\u0173 d\u0117\u017eut\u0117je.<\/p>","protected":false},"excerpt":{"rendered":"<p>\u269c\ufe0e Sidabrinis \u017eiedas su subtilia gamtos fakt\u016bra, \u012fr\u0117minantis m\u0117lyn\u0105 \/ violetin\u012f safyr\u0105. \u269c\ufe0e Centre \u2013 nat\u016bralus safyras (~0,70 ct, oval<\/p>","protected":false},"featured_media":37232,"template":"","meta":[],"product_brand":[],"product_cat":[124],"product_tag":[],"class_list":{"0":"post-37233","1":"product","2":"type-product","3":"status-publish","4":"has-post-thumbnail","6":"product_cat-ziedai","8":"first","9":"instock","10":"sale","11":"taxable","12":"shipping-taxable","13":"purchasable","14":"product-type-simple"},"jetpack_sharing_enabled":true,"_links":{"self":[{"href":"https:\/\/sventasmiskas.lt\/en\/wp-json\/wp\/v2\/product\/37233","targetHints":{"allow":["GET"]}}],"collection":[{"href":"https:\/\/sventasmiskas.lt\/en\/wp-json\/wp\/v2\/product"}],"about":[{"href":"https:\/\/sventasmiskas.lt\/en\/wp-json\/wp\/v2\/types\/product"}],"wp:featuredmedia":[{"embeddable":true,"href":"https:\/\/sventasmiskas.lt\/en\/wp-json\/wp\/v2\/media\/37232"}],"wp:attachment":[{"href":"https:\/\/sventasmiskas.lt\/en\/wp-json\/wp\/v2\/media?parent=37233"}],"wp:term":[{"taxonomy":"product_brand","embeddable":true,"href":"https:\/\/sventasmiskas.lt\/en\/wp-json\/wp\/v2\/product_brand?post=37233"},{"taxonomy":"product_cat","embeddable":true,"href":"https:\/\/sventasmiskas.lt\/en\/wp-json\/wp\/v2\/product_cat?post=37233"},{"taxonomy":"product_tag","embeddable":true,"href":"https:\/\/sventasmiskas.lt\/en\/wp-json\/wp\/v2\/product_tag?post=37233"}],"curies":[{"name":"wp","href":"https:\/\/api.w.org\/{rel}","templated":true}]}}